{"id":9424,"date":"2025-03-29T19:14:36","date_gmt":"2025-03-30T02:14:36","guid":{"rendered":"https:\/\/aestheticmexico.click\/?post_type=product&#038;p=9424"},"modified":"2025-06-28T16:43:04","modified_gmt":"2025-06-28T23:43:04","slug":"vela-aromatica-de-rosas-200gr","status":"publish","type":"product","link":"https:\/\/aestheticmexico.click\/en\/shop\/todas-las-categorias\/hogar\/velas-aromaticas\/vela-aromatica-de-rosas-200gr\/","title":{"rendered":"VELA AROMATICA DE ROSAS 200GR"},"content":{"rendered":"<p class=\"\" data-start=\"79\" data-end=\"229\">Sum\u00e9rgete en la delicadeza y el encanto del aroma a <strong data-start=\"131\" data-end=\"140\">rosas<\/strong>, una fragancia cl\u00e1sica y sofisticada que aporta armon\u00eda y calidez a cualquier espacio.<\/p>\n<p class=\"\" data-start=\"231\" data-end=\"595\">\ud83c\udf3f <strong data-start=\"234\" data-end=\"254\">Caracter\u00edsticas:<\/strong><br data-start=\"254\" data-end=\"257\" \/>\u2714\ufe0f <strong data-start=\"260\" data-end=\"299\">Fragancia floral suave y envolvente<\/strong>, ideal para crear un ambiente rom\u00e1ntico y relajante<br data-start=\"351\" data-end=\"354\" \/>\u2714\ufe0f <strong data-start=\"357\" data-end=\"381\">Cera de alta calidad<\/strong>, garantizando una combusti\u00f3n uniforme y duradera<br data-start=\"430\" data-end=\"433\" \/>\u2714\ufe0f <strong data-start=\"436\" data-end=\"463\">200g de esencia natural<\/strong> para perfumar tu hogar con un toque elegante<br data-start=\"508\" data-end=\"511\" \/>\u2714\ufe0f <strong data-start=\"514\" data-end=\"536\">Dise\u00f1o sofisticado<\/strong>, perfecto para decorar o regalar en ocasiones especiales<\/p>\n<p class=\"\" data-start=\"597\" data-end=\"718\">\ud83d\udd6f <strong data-start=\"600\" data-end=\"679\">Disfruta de la dulzura y feminidad de las rosas en cada rinc\u00f3n de tu hogar.<\/strong> \u00a1D\u00e9jate cautivar por su esencia! \ud83c\udf39\ud83d\udc96\u2728<\/p>","protected":false},"excerpt":{"rendered":"<p>Sum\u00e9rgete en la delicadeza y el encanto del aroma a rosas, una fragancia cl\u00e1sica y sofisticada que aporta armon\u00eda y calidez a cualquier espacio. \ud83c\udf3f Caracter\u00edsticas:\u2714\ufe0f Fragancia floral suave y envolvente, ideal para crear un ambiente rom\u00e1ntico y relajante\u2714\ufe0f Cera de alta calidad, garantizando una combusti\u00f3n uniforme y duradera\u2714\ufe0f 200g de esencia natural para perfumar [&hellip;]<\/p>\n","protected":false},"featured_media":9426,"comment_status":"open","ping_status":"closed","template":"","meta":{"_seopress_robots_primary_cat":"","_seopress_titles_title":"","_seopress_titles_desc":"","_seopress_robots_index":"","_gspb_post_css":"","content-type":""},"product_brand":[107],"product_cat":[134,15,114,116],"product_tag":[],"class_list":{"0":"post-9424","1":"product","2":"type-product","3":"status-publish","4":"has-post-thumbnail","6":"product_brand-aesthetic","7":"product_cat-hogar","8":"product_cat-mujer","9":"product_cat-todas-las-categorias","10":"product_cat-velas-aromaticas","12":"first","13":"instock","14":"taxable","15":"shipping-taxable","16":"purchasable","17":"product-type-variable"},"jetpack_sharing_enabled":true,"_links":{"self":[{"href":"https:\/\/aestheticmexico.click\/en\/wp-json\/wp\/v2\/product\/9424","targetHints":{"allow":["GET"]}}],"collection":[{"href":"https:\/\/aestheticmexico.click\/en\/wp-json\/wp\/v2\/product"}],"about":[{"href":"https:\/\/aestheticmexico.click\/en\/wp-json\/wp\/v2\/types\/product"}],"replies":[{"embeddable":true,"href":"https:\/\/aestheticmexico.click\/en\/wp-json\/wp\/v2\/comments?post=9424"}],"wp:featuredmedia":[{"embeddable":true,"href":"https:\/\/aestheticmexico.click\/en\/wp-json\/wp\/v2\/media\/9426"}],"wp:attachment":[{"href":"https:\/\/aestheticmexico.click\/en\/wp-json\/wp\/v2\/media?parent=9424"}],"wp:term":[{"taxonomy":"product_brand","embeddable":true,"href":"https:\/\/aestheticmexico.click\/en\/wp-json\/wp\/v2\/product_brand?post=9424"},{"taxonomy":"product_cat","embeddable":true,"href":"https:\/\/aestheticmexico.click\/en\/wp-json\/wp\/v2\/product_cat?post=9424"},{"taxonomy":"product_tag","embeddable":true,"href":"https:\/\/aestheticmexico.click\/en\/wp-json\/wp\/v2\/product_tag?post=9424"}],"curies":[{"name":"wp","href":"https:\/\/api.w.org\/{rel}","templated":true}]}}