{"id":9384,"date":"2025-03-22T23:07:32","date_gmt":"2025-03-23T06:07:32","guid":{"rendered":"https:\/\/aestheticmexico.click\/?post_type=product&#038;p=9384"},"modified":"2025-06-28T16:35:27","modified_gmt":"2025-06-28T23:35:27","slug":"pantalon-de-mezclilla","status":"publish","type":"product","link":"https:\/\/aestheticmexico.click\/en\/shop\/todas-las-categorias\/juvenil-mujer\/pantalones-juvenil-mujer\/pantalon-de-mezclilla\/","title":{"rendered":"PANTALON DE MEZCLILLA"},"content":{"rendered":"<p class=\"\" data-start=\"76\" data-end=\"272\">Eleva tu outfit con este <strong data-start=\"101\" data-end=\"126\">pantal\u00f3n de mezclilla<\/strong>, ideal para un look moderno y vers\u00e1til. Dise\u00f1ado para brindar <strong data-start=\"189\" data-end=\"220\">ajuste perfecto y comodidad<\/strong>, es una prenda esencial en cualquier guardarropa.<\/p>\n<p class=\"\" data-start=\"274\" data-end=\"602\">\ud83d\udd39 <strong data-start=\"277\" data-end=\"297\">Caracter\u00edsticas:<\/strong><br data-start=\"297\" data-end=\"300\" \/>\u2714\ufe0f <strong data-start=\"303\" data-end=\"340\">Tela de mezclilla de alta calidad<\/strong>, resistente y flexible<br data-start=\"363\" data-end=\"366\" \/>\u2714\ufe0f <strong data-start=\"369\" data-end=\"390\">Corte favorecedor<\/strong>, ideal para diferentes tipos de cuerpo<br data-start=\"429\" data-end=\"432\" \/>\u2714\ufe0f <strong data-start=\"435\" data-end=\"479\">Dise\u00f1o cl\u00e1sico con bolsillos funcionales<\/strong><br data-start=\"479\" data-end=\"482\" \/>\u2714\ufe0f <strong data-start=\"485\" data-end=\"511\">Cierre y bot\u00f3n frontal<\/strong> para mayor seguridad y ajuste<br data-start=\"541\" data-end=\"544\" \/>\u2714\ufe0f <strong data-start=\"547\" data-end=\"579\">Vers\u00e1til y f\u00e1cil de combinar<\/strong> con cualquier estilo<\/p>\n<p class=\"\" data-start=\"604\" data-end=\"731\">\ud83d\udc99 <strong data-start=\"607\" data-end=\"728\">Perfecto para el d\u00eda a d\u00eda, ya sea en un look casual con tenis o m\u00e1s elegante con tacones. \u00a1Un b\u00e1sico imprescindible!<\/strong> \ud83d\udc99<\/p>","protected":false},"excerpt":{"rendered":"<p>Eleva tu outfit con este pantal\u00f3n de mezclilla, ideal para un look moderno y vers\u00e1til. Dise\u00f1ado para brindar ajuste perfecto y comodidad, es una prenda esencial en cualquier guardarropa. \ud83d\udd39 Caracter\u00edsticas:\u2714\ufe0f Tela de mezclilla de alta calidad, resistente y flexible\u2714\ufe0f Corte favorecedor, ideal para diferentes tipos de cuerpo\u2714\ufe0f Dise\u00f1o cl\u00e1sico con bolsillos funcionales\u2714\ufe0f Cierre y [&hellip;]<\/p>\n","protected":false},"featured_media":9386,"comment_status":"open","ping_status":"closed","template":"","meta":{"_seopress_robots_primary_cat":"","_seopress_titles_title":"","_seopress_titles_desc":"","_seopress_robots_index":"","_seopress_analysis_target_kw":"","_gspb_post_css":"","content-type":""},"product_brand":[107],"product_cat":[131,15,162,33,114],"product_tag":[],"class_list":{"0":"post-9384","1":"product","2":"type-product","3":"status-publish","4":"has-post-thumbnail","6":"product_brand-aesthetic","7":"product_cat-juvenil-mujer","8":"product_cat-mujer","9":"product_cat-pantalones-juvenil-mujer","10":"product_cat-pantalones","11":"product_cat-todas-las-categorias","13":"first","14":"instock","15":"taxable","16":"shipping-taxable","17":"purchasable","18":"product-type-variable"},"jetpack_sharing_enabled":true,"_links":{"self":[{"href":"https:\/\/aestheticmexico.click\/en\/wp-json\/wp\/v2\/product\/9384","targetHints":{"allow":["GET"]}}],"collection":[{"href":"https:\/\/aestheticmexico.click\/en\/wp-json\/wp\/v2\/product"}],"about":[{"href":"https:\/\/aestheticmexico.click\/en\/wp-json\/wp\/v2\/types\/product"}],"replies":[{"embeddable":true,"href":"https:\/\/aestheticmexico.click\/en\/wp-json\/wp\/v2\/comments?post=9384"}],"wp:featuredmedia":[{"embeddable":true,"href":"https:\/\/aestheticmexico.click\/en\/wp-json\/wp\/v2\/media\/9386"}],"wp:attachment":[{"href":"https:\/\/aestheticmexico.click\/en\/wp-json\/wp\/v2\/media?parent=9384"}],"wp:term":[{"taxonomy":"product_brand","embeddable":true,"href":"https:\/\/aestheticmexico.click\/en\/wp-json\/wp\/v2\/product_brand?post=9384"},{"taxonomy":"product_cat","embeddable":true,"href":"https:\/\/aestheticmexico.click\/en\/wp-json\/wp\/v2\/product_cat?post=9384"},{"taxonomy":"product_tag","embeddable":true,"href":"https:\/\/aestheticmexico.click\/en\/wp-json\/wp\/v2\/product_tag?post=9384"}],"curies":[{"name":"wp","href":"https:\/\/api.w.org\/{rel}","templated":true}]}}