{"id":9331,"date":"2025-03-20T15:37:32","date_gmt":"2025-03-20T22:37:32","guid":{"rendered":"https:\/\/aestheticmexico.click\/?post_type=product&#038;p=9331"},"modified":"2025-06-28T18:46:29","modified_gmt":"2025-06-29T01:46:29","slug":"playera-urbana-64","status":"publish","type":"product","link":"https:\/\/aestheticmexico.click\/en\/shop\/todas-las-categorias\/hombre\/playeras-hombre\/playera-urbana-64\/","title":{"rendered":"PLAYERA URBANA 64"},"content":{"rendered":"<p data-start=\"25\" data-end=\"74\">\ud83d\udd25 <strong data-start=\"28\" data-end=\"69\">Estilo y comodidad en una sola prenda<\/strong> \ud83d\udd25<\/p>\n<p data-start=\"76\" data-end=\"356\">Esta playera urbana es perfecta para quienes buscan un look moderno y vers\u00e1til. Fabricada con materiales de alta calidad, ofrece un ajuste c\u00f3modo y transpirable para el d\u00eda a d\u00eda. Su dise\u00f1o minimalista y contempor\u00e1neo la convierte en una pieza esencial en cualquier guardarropa.<\/p>\n<p data-start=\"358\" data-end=\"537\">\ud83d\udd39 <strong data-start=\"361\" data-end=\"381\">Caracter\u00edsticas:<\/strong><br data-start=\"381\" data-end=\"384\" \/>\u2714\ufe0f Tela suave y ligera<br data-start=\"406\" data-end=\"409\" \/>\u2714\ufe0f Corte relajado para mayor comodidad<br data-start=\"447\" data-end=\"450\" data-is-only-node=\"\" \/>\u2714\ufe0f Dise\u00f1o vers\u00e1til que combina con todo<br data-start=\"489\" data-end=\"492\" \/>\u2714\ufe0f Ideal para outfits casuales o streetwear<\/p>\n<p data-start=\"539\" data-end=\"606\" data-is-last-node=\"\" data-is-only-node=\"\">\ud83d\udca5 \u00a1Dale un toque urbano a tu estilo con esta incre\u00edble playera! \ud83d\udca5<\/p>","protected":false},"excerpt":{"rendered":"<p>\ud83d\udd25 Estilo y comodidad en una sola prenda \ud83d\udd25 Esta playera urbana es perfecta para quienes buscan un look moderno y vers\u00e1til. Fabricada con materiales de alta calidad, ofrece un ajuste c\u00f3modo y transpirable para el d\u00eda a d\u00eda. Su dise\u00f1o minimalista y contempor\u00e1neo la convierte en una pieza esencial en cualquier guardarropa. \ud83d\udd39 Caracter\u00edsticas:\u2714\ufe0f [&hellip;]<\/p>\n","protected":false},"featured_media":9333,"comment_status":"open","ping_status":"closed","template":"","meta":{"_seopress_robots_primary_cat":"","_seopress_titles_title":"","_seopress_titles_desc":"","_seopress_robots_index":"","_gspb_post_css":"","content-type":""},"product_brand":[107],"product_cat":[130,132,131,15,128,129,137,138,139,34,135,136,114],"product_tag":[],"class_list":{"0":"post-9331","1":"product","2":"type-product","3":"status-publish","4":"has-post-thumbnail","6":"product_brand-aesthetic","7":"product_cat-hombre","8":"product_cat-juvenil-hombre","9":"product_cat-juvenil-mujer","10":"product_cat-mujer","11":"product_cat-nina","12":"product_cat-nino","13":"product_cat-playeras-hombre","14":"product_cat-playeras-juvenil-hombre","15":"product_cat-playeras-nino","16":"product_cat-playeras","17":"product_cat-playeras-nina","18":"product_cat-playeras-juvenil-mujer","19":"product_cat-todas-las-categorias","21":"first","22":"instock","23":"taxable","24":"shipping-taxable","25":"purchasable","26":"product-type-variable"},"jetpack_sharing_enabled":true,"_links":{"self":[{"href":"https:\/\/aestheticmexico.click\/en\/wp-json\/wp\/v2\/product\/9331","targetHints":{"allow":["GET"]}}],"collection":[{"href":"https:\/\/aestheticmexico.click\/en\/wp-json\/wp\/v2\/product"}],"about":[{"href":"https:\/\/aestheticmexico.click\/en\/wp-json\/wp\/v2\/types\/product"}],"replies":[{"embeddable":true,"href":"https:\/\/aestheticmexico.click\/en\/wp-json\/wp\/v2\/comments?post=9331"}],"wp:featuredmedia":[{"embeddable":true,"href":"https:\/\/aestheticmexico.click\/en\/wp-json\/wp\/v2\/media\/9333"}],"wp:attachment":[{"href":"https:\/\/aestheticmexico.click\/en\/wp-json\/wp\/v2\/media?parent=9331"}],"wp:term":[{"taxonomy":"product_brand","embeddable":true,"href":"https:\/\/aestheticmexico.click\/en\/wp-json\/wp\/v2\/product_brand?post=9331"},{"taxonomy":"product_cat","embeddable":true,"href":"https:\/\/aestheticmexico.click\/en\/wp-json\/wp\/v2\/product_cat?post=9331"},{"taxonomy":"product_tag","embeddable":true,"href":"https:\/\/aestheticmexico.click\/en\/wp-json\/wp\/v2\/product_tag?post=9331"}],"curies":[{"name":"wp","href":"https:\/\/api.w.org\/{rel}","templated":true}]}}