{"id":9266,"date":"2025-03-13T23:21:58","date_gmt":"2025-03-14T06:21:58","guid":{"rendered":"https:\/\/aestheticmexico.click\/?post_type=product&#038;p=9266"},"modified":"2025-06-28T17:23:15","modified_gmt":"2025-06-29T00:23:15","slug":"conjunto-de-lenceria","status":"publish","type":"product","link":"https:\/\/aestheticmexico.click\/en\/shop\/todas-las-categorias\/juvenil-mujer\/ropa-interior-lenceria-y-trajes-de-bano-juvenil-mujer\/conjunto-de-lenceria\/","title":{"rendered":"CONJUNTO DE LENCERIA"},"content":{"rendered":"<p>\u2728 Elegante conjunto de lencer\u00eda en tono verde, compuesto por un bralette sin varillas y un panty de corte cl\u00e1sico. La combinaci\u00f3n de encaje y tela acanalada crea una pieza sofisticada y delicada, ideal para quienes buscan comodidad sin perder el estilo.<\/p>","protected":false},"excerpt":{"rendered":"<p>\u2728 Elegante conjunto de lencer\u00eda en tono verde, compuesto por un bralette sin varillas y un panty de corte cl\u00e1sico. La combinaci\u00f3n de encaje y tela acanalada crea una pieza sofisticada y delicada, ideal para quienes buscan comodidad sin perder el estilo.<\/p>","protected":false},"featured_media":9262,"comment_status":"open","ping_status":"closed","template":"","meta":{"_seopress_robots_primary_cat":"","_seopress_titles_title":"","_seopress_titles_desc":"","_seopress_robots_index":"","_seopress_analysis_target_kw":"","_gspb_post_css":"","content-type":""},"product_brand":[],"product_cat":[131,15,174,29,114],"product_tag":[],"class_list":{"0":"post-9266","1":"product","2":"type-product","3":"status-publish","4":"has-post-thumbnail","6":"product_cat-juvenil-mujer","7":"product_cat-mujer","8":"product_cat-ropa-interior-lenceria-y-trajes-de-bano-juvenil-mujer","9":"product_cat-ropa-interior-lenceria-y-trajes-de-bano","10":"product_cat-todas-las-categorias","12":"first","13":"instock","14":"sale","15":"taxable","16":"shipping-taxable","17":"purchasable","18":"product-type-variable"},"jetpack_sharing_enabled":true,"_links":{"self":[{"href":"https:\/\/aestheticmexico.click\/en\/wp-json\/wp\/v2\/product\/9266","targetHints":{"allow":["GET"]}}],"collection":[{"href":"https:\/\/aestheticmexico.click\/en\/wp-json\/wp\/v2\/product"}],"about":[{"href":"https:\/\/aestheticmexico.click\/en\/wp-json\/wp\/v2\/types\/product"}],"replies":[{"embeddable":true,"href":"https:\/\/aestheticmexico.click\/en\/wp-json\/wp\/v2\/comments?post=9266"}],"wp:featuredmedia":[{"embeddable":true,"href":"https:\/\/aestheticmexico.click\/en\/wp-json\/wp\/v2\/media\/9262"}],"wp:attachment":[{"href":"https:\/\/aestheticmexico.click\/en\/wp-json\/wp\/v2\/media?parent=9266"}],"wp:term":[{"taxonomy":"product_brand","embeddable":true,"href":"https:\/\/aestheticmexico.click\/en\/wp-json\/wp\/v2\/product_brand?post=9266"},{"taxonomy":"product_cat","embeddable":true,"href":"https:\/\/aestheticmexico.click\/en\/wp-json\/wp\/v2\/product_cat?post=9266"},{"taxonomy":"product_tag","embeddable":true,"href":"https:\/\/aestheticmexico.click\/en\/wp-json\/wp\/v2\/product_tag?post=9266"}],"curies":[{"name":"wp","href":"https:\/\/api.w.org\/{rel}","templated":true}]}}