{"id":9242,"date":"2025-03-12T19:18:00","date_gmt":"2025-03-13T02:18:00","guid":{"rendered":"https:\/\/aestheticmexico.click\/?post_type=product&#038;p=9242"},"modified":"2025-06-28T18:50:09","modified_gmt":"2025-06-29T01:50:09","slug":"playera-urbana-83","status":"publish","type":"product","link":"https:\/\/aestheticmexico.click\/en\/shop\/todas-las-categorias\/hombre\/playeras-hombre\/playera-urbana-83\/","title":{"rendered":"PLAYERA URBANA 83"},"content":{"rendered":"<p data-start=\"0\" data-end=\"52\"><strong data-start=\"0\" data-end=\"45\">Playera Urbana \u2013 Dise\u00f1o \u00danico y Aut\u00e9ntico<\/strong> \ud83d\udc55\ud83d\udd25<\/p>\n<p data-start=\"54\" data-end=\"282\">Destaca con nuestra <strong data-start=\"74\" data-end=\"92\">playera urbana<\/strong>, perfecta para quienes buscan un estilo moderno y atrevido. Su dise\u00f1o urbano refleja actitud y personalidad, ideal para combinar con tus outfits favoritos y marcar tendencia en la ciudad.<\/p>\n<p data-start=\"284\" data-end=\"540\"><strong data-start=\"284\" data-end=\"304\">Caracter\u00edsticas:<\/strong><br data-start=\"304\" data-end=\"307\" \/>\u2714 <strong data-start=\"309\" data-end=\"341\">Dise\u00f1o urbano y vanguardista<\/strong>, ideal para un look streetwear.<br data-start=\"373\" data-end=\"376\" data-is-only-node=\"\" \/>\u2714 <strong data-start=\"378\" data-end=\"407\">Tela suave y transpirable<\/strong> para m\u00e1ximo confort.<br data-start=\"428\" data-end=\"431\" \/>\u2714 <strong data-start=\"433\" data-end=\"468\">Corte moderno y ajuste perfecto<\/strong>.<br data-start=\"469\" data-end=\"472\" \/>\u2714 <strong data-start=\"474\" data-end=\"506\">Vers\u00e1til y f\u00e1cil de combinar<\/strong> con jeans, joggers o chamarras.<\/p>\n<p data-start=\"542\" data-end=\"626\" data-is-last-node=\"\" data-is-only-node=\"\">\u26a1 <strong data-start=\"544\" data-end=\"624\">Atr\u00e9vete a llevar el estilo de la calle con personalidad. \u00a1Cons\u00edguela ahora!<\/strong> \u26a1<\/p>","protected":false},"excerpt":{"rendered":"<p>Playera Urbana \u2013 Dise\u00f1o \u00danico y Aut\u00e9ntico \ud83d\udc55\ud83d\udd25 Destaca con nuestra playera urbana, perfecta para quienes buscan un estilo moderno y atrevido. Su dise\u00f1o urbano refleja actitud y personalidad, ideal para combinar con tus outfits favoritos y marcar tendencia en la ciudad. Caracter\u00edsticas:\u2714 Dise\u00f1o urbano y vanguardista, ideal para un look streetwear.\u2714 Tela suave y [&hellip;]<\/p>\n","protected":false},"featured_media":9244,"comment_status":"open","ping_status":"closed","template":"","meta":{"_seopress_robots_primary_cat":"","_seopress_titles_title":"","_seopress_titles_desc":"","_seopress_robots_index":"","_gspb_post_css":"","content-type":""},"product_brand":[107],"product_cat":[130,132,131,15,128,129,137,138,139,34,135,136,114],"product_tag":[],"class_list":{"0":"post-9242","1":"product","2":"type-product","3":"status-publish","4":"has-post-thumbnail","6":"product_brand-aesthetic","7":"product_cat-hombre","8":"product_cat-juvenil-hombre","9":"product_cat-juvenil-mujer","10":"product_cat-mujer","11":"product_cat-nina","12":"product_cat-nino","13":"product_cat-playeras-hombre","14":"product_cat-playeras-juvenil-hombre","15":"product_cat-playeras-nino","16":"product_cat-playeras","17":"product_cat-playeras-nina","18":"product_cat-playeras-juvenil-mujer","19":"product_cat-todas-las-categorias","21":"first","22":"instock","23":"taxable","24":"shipping-taxable","25":"purchasable","26":"product-type-variable"},"jetpack_sharing_enabled":true,"_links":{"self":[{"href":"https:\/\/aestheticmexico.click\/en\/wp-json\/wp\/v2\/product\/9242","targetHints":{"allow":["GET"]}}],"collection":[{"href":"https:\/\/aestheticmexico.click\/en\/wp-json\/wp\/v2\/product"}],"about":[{"href":"https:\/\/aestheticmexico.click\/en\/wp-json\/wp\/v2\/types\/product"}],"replies":[{"embeddable":true,"href":"https:\/\/aestheticmexico.click\/en\/wp-json\/wp\/v2\/comments?post=9242"}],"wp:featuredmedia":[{"embeddable":true,"href":"https:\/\/aestheticmexico.click\/en\/wp-json\/wp\/v2\/media\/9244"}],"wp:attachment":[{"href":"https:\/\/aestheticmexico.click\/en\/wp-json\/wp\/v2\/media?parent=9242"}],"wp:term":[{"taxonomy":"product_brand","embeddable":true,"href":"https:\/\/aestheticmexico.click\/en\/wp-json\/wp\/v2\/product_brand?post=9242"},{"taxonomy":"product_cat","embeddable":true,"href":"https:\/\/aestheticmexico.click\/en\/wp-json\/wp\/v2\/product_cat?post=9242"},{"taxonomy":"product_tag","embeddable":true,"href":"https:\/\/aestheticmexico.click\/en\/wp-json\/wp\/v2\/product_tag?post=9242"}],"curies":[{"name":"wp","href":"https:\/\/api.w.org\/{rel}","templated":true}]}}