{"id":9187,"date":"2025-03-11T22:05:44","date_gmt":"2025-03-12T05:05:44","guid":{"rendered":"https:\/\/aestheticmexico.click\/?post_type=product&#038;p=9187"},"modified":"2025-06-28T18:52:58","modified_gmt":"2025-06-29T01:52:58","slug":"playera-halloween-dia-de-muertos-12","status":"publish","type":"product","link":"https:\/\/aestheticmexico.click\/en\/shop\/todas-las-categorias\/hombre\/playeras-hombre\/playera-halloween-dia-de-muertos-12\/","title":{"rendered":"PLAYERA HALLOWEEN DIA DE MUERTOS 12"},"content":{"rendered":"<p data-start=\"0\" data-end=\"63\"><strong data-start=\"0\" data-end=\"55\">Playera Halloween D\u00eda de Muertos \u2013 Edici\u00f3n Limitada<\/strong> \ud83c\udf83\ud83d\udc80\u2728<\/p>\n<p data-start=\"65\" data-end=\"253\">Celebra la magia de <strong data-start=\"85\" data-end=\"98\">Halloween<\/strong> y la tradici\u00f3n del <strong data-start=\"118\" data-end=\"136\">D\u00eda de Muertos<\/strong> con esta playera exclusiva. Un dise\u00f1o vibrante y \u00fanico que fusiona lo misterioso y lo colorido en una sola prenda.<\/p>\n<p data-start=\"255\" data-end=\"532\"><strong data-start=\"255\" data-end=\"275\">Caracter\u00edsticas:<\/strong><br data-start=\"275\" data-end=\"278\" \/>\u2714 <strong data-start=\"280\" data-end=\"299\">Dise\u00f1o original<\/strong> con calaveras, catrinas y elementos ic\u00f3nicos.<br data-start=\"345\" data-end=\"348\" data-is-only-node=\"\" \/>\u2714 <strong data-start=\"350\" data-end=\"374\">Tela de alta calidad<\/strong>, suave y transpirable.<br data-start=\"397\" data-end=\"400\" \/>\u2714 <strong data-start=\"402\" data-end=\"424\">Impresi\u00f3n duradera<\/strong> que no se desgasta con los lavados.<br data-start=\"460\" data-end=\"463\" \/>\u2714 <strong data-start=\"465\" data-end=\"506\">Disponible en varias tallas y colores<\/strong> para todos los estilos.<\/p>\n<p data-start=\"534\" data-end=\"611\" data-is-last-node=\"\" data-is-only-node=\"\">\ud83d\udd25 \u00a1L\u00facela en fiestas, reuniones o cualquier ocasi\u00f3n y destaca con estilo! \ud83d\udd25<\/p>","protected":false},"excerpt":{"rendered":"<p>Playera Halloween D\u00eda de Muertos \u2013 Edici\u00f3n Limitada \ud83c\udf83\ud83d\udc80\u2728 Celebra la magia de Halloween y la tradici\u00f3n del D\u00eda de Muertos con esta playera exclusiva. Un dise\u00f1o vibrante y \u00fanico que fusiona lo misterioso y lo colorido en una sola prenda. Caracter\u00edsticas:\u2714 Dise\u00f1o original con calaveras, catrinas y elementos ic\u00f3nicos.\u2714 Tela de alta calidad, suave [&hellip;]<\/p>\n","protected":false},"featured_media":9189,"comment_status":"open","ping_status":"closed","template":"","meta":{"_seopress_robots_primary_cat":"","_seopress_titles_title":"","_seopress_titles_desc":"","_seopress_robots_index":"","_gspb_post_css":"","content-type":""},"product_brand":[107],"product_cat":[130,132,131,15,128,129,137,138,139,34,135,136,114],"product_tag":[],"class_list":{"0":"post-9187","1":"product","2":"type-product","3":"status-publish","4":"has-post-thumbnail","6":"product_brand-aesthetic","7":"product_cat-hombre","8":"product_cat-juvenil-hombre","9":"product_cat-juvenil-mujer","10":"product_cat-mujer","11":"product_cat-nina","12":"product_cat-nino","13":"product_cat-playeras-hombre","14":"product_cat-playeras-juvenil-hombre","15":"product_cat-playeras-nino","16":"product_cat-playeras","17":"product_cat-playeras-nina","18":"product_cat-playeras-juvenil-mujer","19":"product_cat-todas-las-categorias","21":"first","22":"instock","23":"taxable","24":"shipping-taxable","25":"purchasable","26":"product-type-variable"},"jetpack_sharing_enabled":true,"_links":{"self":[{"href":"https:\/\/aestheticmexico.click\/en\/wp-json\/wp\/v2\/product\/9187","targetHints":{"allow":["GET"]}}],"collection":[{"href":"https:\/\/aestheticmexico.click\/en\/wp-json\/wp\/v2\/product"}],"about":[{"href":"https:\/\/aestheticmexico.click\/en\/wp-json\/wp\/v2\/types\/product"}],"replies":[{"embeddable":true,"href":"https:\/\/aestheticmexico.click\/en\/wp-json\/wp\/v2\/comments?post=9187"}],"wp:featuredmedia":[{"embeddable":true,"href":"https:\/\/aestheticmexico.click\/en\/wp-json\/wp\/v2\/media\/9189"}],"wp:attachment":[{"href":"https:\/\/aestheticmexico.click\/en\/wp-json\/wp\/v2\/media?parent=9187"}],"wp:term":[{"taxonomy":"product_brand","embeddable":true,"href":"https:\/\/aestheticmexico.click\/en\/wp-json\/wp\/v2\/product_brand?post=9187"},{"taxonomy":"product_cat","embeddable":true,"href":"https:\/\/aestheticmexico.click\/en\/wp-json\/wp\/v2\/product_cat?post=9187"},{"taxonomy":"product_tag","embeddable":true,"href":"https:\/\/aestheticmexico.click\/en\/wp-json\/wp\/v2\/product_tag?post=9187"}],"curies":[{"name":"wp","href":"https:\/\/api.w.org\/{rel}","templated":true}]}}