{"id":9131,"date":"2025-03-09T20:25:06","date_gmt":"2025-03-10T03:25:06","guid":{"rendered":"https:\/\/aestheticmexico.click\/?post_type=product&#038;p=9131"},"modified":"2025-06-28T18:53:03","modified_gmt":"2025-06-29T01:53:03","slug":"playera-halloween-dia-de-muertos-25","status":"publish","type":"product","link":"https:\/\/aestheticmexico.click\/en\/shop\/todas-las-categorias\/hombre\/playeras-hombre\/playera-halloween-dia-de-muertos-25\/","title":{"rendered":"PLAYERA HALLOWEEN DIA DE MUERTOS 25"},"content":{"rendered":"<p data-start=\"0\" data-end=\"62\"><strong data-start=\"0\" data-end=\"55\">Playera Halloween D\u00eda de Muertos \u2013 Edici\u00f3n Especial<\/strong> \ud83c\udf83\ud83d\udc80<\/p>\n<p data-start=\"64\" data-end=\"316\">Celebra la fusi\u00f3n de dos festividades ic\u00f3nicas con esta incre\u00edble <strong data-start=\"130\" data-end=\"171\">playera de Halloween y D\u00eda de Muertos<\/strong>. Dise\u00f1ada para los amantes de lo oscuro y lo tradicional, esta prenda combina elementos tenebrosos con la esencia colorida del D\u00eda de Muertos.<\/p>\n<p data-start=\"318\" data-end=\"549\"><strong data-start=\"318\" data-end=\"338\">Caracter\u00edsticas:<\/strong><br data-start=\"338\" data-end=\"341\" \/>\u2714 Dise\u00f1o exclusivo con tem\u00e1tica de calaveras y detalles terror\u00edficos.<br data-start=\"410\" data-end=\"413\" \/>\u2714 Tela suave y fresca para mayor comodidad.<br data-start=\"456\" data-end=\"459\" \/>\u2714 Disponible en varias tallas y colores.<br data-start=\"499\" data-end=\"502\" \/>\u2714 Ideal para fiestas, eventos y el d\u00eda a d\u00eda.<\/p>\n<p data-start=\"551\" data-end=\"621\" data-is-last-node=\"\" data-is-only-node=\"\">\ud83d\udd25 \u00a1No te quedes sin la tuya y luce un estilo \u00fanico esta temporada! \ud83d\udd25<\/p>","protected":false},"excerpt":{"rendered":"<p>Playera Halloween D\u00eda de Muertos \u2013 Edici\u00f3n Especial \ud83c\udf83\ud83d\udc80 Celebra la fusi\u00f3n de dos festividades ic\u00f3nicas con esta incre\u00edble playera de Halloween y D\u00eda de Muertos. Dise\u00f1ada para los amantes de lo oscuro y lo tradicional, esta prenda combina elementos tenebrosos con la esencia colorida del D\u00eda de Muertos. Caracter\u00edsticas:\u2714 Dise\u00f1o exclusivo con tem\u00e1tica de [&hellip;]<\/p>\n","protected":false},"featured_media":9133,"comment_status":"open","ping_status":"closed","template":"","meta":{"_seopress_robots_primary_cat":"","_seopress_titles_title":"","_seopress_titles_desc":"","_seopress_robots_index":"","_gspb_post_css":"","content-type":""},"product_brand":[107],"product_cat":[130,132,131,15,128,129,137,138,139,34,135,136,114],"product_tag":[],"class_list":{"0":"post-9131","1":"product","2":"type-product","3":"status-publish","4":"has-post-thumbnail","6":"product_brand-aesthetic","7":"product_cat-hombre","8":"product_cat-juvenil-hombre","9":"product_cat-juvenil-mujer","10":"product_cat-mujer","11":"product_cat-nina","12":"product_cat-nino","13":"product_cat-playeras-hombre","14":"product_cat-playeras-juvenil-hombre","15":"product_cat-playeras-nino","16":"product_cat-playeras","17":"product_cat-playeras-nina","18":"product_cat-playeras-juvenil-mujer","19":"product_cat-todas-las-categorias","21":"first","22":"instock","23":"taxable","24":"shipping-taxable","25":"purchasable","26":"product-type-variable"},"jetpack_sharing_enabled":true,"_links":{"self":[{"href":"https:\/\/aestheticmexico.click\/en\/wp-json\/wp\/v2\/product\/9131","targetHints":{"allow":["GET"]}}],"collection":[{"href":"https:\/\/aestheticmexico.click\/en\/wp-json\/wp\/v2\/product"}],"about":[{"href":"https:\/\/aestheticmexico.click\/en\/wp-json\/wp\/v2\/types\/product"}],"replies":[{"embeddable":true,"href":"https:\/\/aestheticmexico.click\/en\/wp-json\/wp\/v2\/comments?post=9131"}],"wp:featuredmedia":[{"embeddable":true,"href":"https:\/\/aestheticmexico.click\/en\/wp-json\/wp\/v2\/media\/9133"}],"wp:attachment":[{"href":"https:\/\/aestheticmexico.click\/en\/wp-json\/wp\/v2\/media?parent=9131"}],"wp:term":[{"taxonomy":"product_brand","embeddable":true,"href":"https:\/\/aestheticmexico.click\/en\/wp-json\/wp\/v2\/product_brand?post=9131"},{"taxonomy":"product_cat","embeddable":true,"href":"https:\/\/aestheticmexico.click\/en\/wp-json\/wp\/v2\/product_cat?post=9131"},{"taxonomy":"product_tag","embeddable":true,"href":"https:\/\/aestheticmexico.click\/en\/wp-json\/wp\/v2\/product_tag?post=9131"}],"curies":[{"name":"wp","href":"https:\/\/api.w.org\/{rel}","templated":true}]}}