{"id":9059,"date":"2025-03-07T00:23:04","date_gmt":"2025-03-07T07:23:04","guid":{"rendered":"https:\/\/aestheticmexico.click\/?post_type=product&#038;p=9059"},"modified":"2025-06-28T16:29:56","modified_gmt":"2025-06-28T23:29:56","slug":"esmalte-para-unas-2","status":"publish","type":"product","link":"https:\/\/aestheticmexico.click\/en\/shop\/todas-las-categorias\/mujer\/belleza-y-cuidado-personal\/esmalte-para-unas-2\/","title":{"rendered":"ESMALTE PARA U\u00d1AS"},"content":{"rendered":"<p data-start=\"0\" data-end=\"58\">\ud83d\udc85 <strong data-start=\"3\" data-end=\"53\">ESMALTE PARA U\u00d1AS \u2013 COLOR Y DURACI\u00d3N IMPECABLE<\/strong> \ud83d\udc85<\/p>\n<p data-start=\"60\" data-end=\"258\">\u2728 Eleva tu manicura con nuestro <strong data-start=\"92\" data-end=\"113\">esmalte para u\u00f1as<\/strong> de alta cobertura y larga duraci\u00f3n. Colores vibrantes, acabado profesional y secado r\u00e1pido para que luzcas unas u\u00f1as perfectas todos los d\u00edas.<\/p>\n<p data-start=\"260\" data-end=\"397\">\ud83c\udf1f <strong data-start=\"263\" data-end=\"278\">Beneficios:<\/strong><br data-start=\"278\" data-end=\"281\" \/>\u2714\ufe0f F\u00f3rmula de larga duraci\u00f3n.<br data-start=\"310\" data-end=\"313\" \/>\u2714\ufe0f Secado r\u00e1pido y acabado brillante.<br data-start=\"350\" data-end=\"353\" \/>\u2714\ufe0f Amplia gama de tonos para cada ocasi\u00f3n.<\/p>\n<p data-start=\"399\" data-end=\"480\">\ud83d\udd39 <strong data-start=\"402\" data-end=\"478\">Dale a tus u\u00f1as el color y estilo que se merecen. \u00a1Consigue el tuyo hoy!<\/strong><\/p>\n<p data-start=\"482\" data-end=\"540\">\ud83d\udecd\ufe0f <strong data-start=\"486\" data-end=\"535\">Compra ahora y aprovecha nuestras promociones<\/strong> \ud83d\udc96<\/p>","protected":false},"excerpt":{"rendered":"<p>\ud83d\udc85 ESMALTE PARA U\u00d1AS \u2013 COLOR Y DURACI\u00d3N IMPECABLE \ud83d\udc85 \u2728 Eleva tu manicura con nuestro esmalte para u\u00f1as de alta cobertura y larga duraci\u00f3n. Colores vibrantes, acabado profesional y secado r\u00e1pido para que luzcas unas u\u00f1as perfectas todos los d\u00edas. \ud83c\udf1f Beneficios:\u2714\ufe0f F\u00f3rmula de larga duraci\u00f3n.\u2714\ufe0f Secado r\u00e1pido y acabado brillante.\u2714\ufe0f Amplia gama de [&hellip;]<\/p>\n","protected":false},"featured_media":9173,"comment_status":"open","ping_status":"closed","template":"","meta":{"_seopress_robots_primary_cat":"","_seopress_titles_title":"","_seopress_titles_desc":"","_seopress_robots_index":"","_gspb_post_css":"","content-type":""},"product_brand":[],"product_cat":[37,145,131,15,114],"product_tag":[],"class_list":{"0":"post-9059","1":"product","2":"type-product","3":"status-publish","4":"has-post-thumbnail","6":"product_cat-belleza-y-cuidado-personal","7":"product_cat-belleza-y-cuidado-personal-juvenil-mujer","8":"product_cat-juvenil-mujer","9":"product_cat-mujer","10":"product_cat-todas-las-categorias","12":"first","13":"instock","14":"taxable","15":"shipping-taxable","16":"purchasable","17":"product-type-variable"},"jetpack_sharing_enabled":true,"_links":{"self":[{"href":"https:\/\/aestheticmexico.click\/en\/wp-json\/wp\/v2\/product\/9059","targetHints":{"allow":["GET"]}}],"collection":[{"href":"https:\/\/aestheticmexico.click\/en\/wp-json\/wp\/v2\/product"}],"about":[{"href":"https:\/\/aestheticmexico.click\/en\/wp-json\/wp\/v2\/types\/product"}],"replies":[{"embeddable":true,"href":"https:\/\/aestheticmexico.click\/en\/wp-json\/wp\/v2\/comments?post=9059"}],"wp:featuredmedia":[{"embeddable":true,"href":"https:\/\/aestheticmexico.click\/en\/wp-json\/wp\/v2\/media\/9173"}],"wp:attachment":[{"href":"https:\/\/aestheticmexico.click\/en\/wp-json\/wp\/v2\/media?parent=9059"}],"wp:term":[{"taxonomy":"product_brand","embeddable":true,"href":"https:\/\/aestheticmexico.click\/en\/wp-json\/wp\/v2\/product_brand?post=9059"},{"taxonomy":"product_cat","embeddable":true,"href":"https:\/\/aestheticmexico.click\/en\/wp-json\/wp\/v2\/product_cat?post=9059"},{"taxonomy":"product_tag","embeddable":true,"href":"https:\/\/aestheticmexico.click\/en\/wp-json\/wp\/v2\/product_tag?post=9059"}],"curies":[{"name":"wp","href":"https:\/\/api.w.org\/{rel}","templated":true}]}}