{"id":9050,"date":"2025-03-06T23:51:19","date_gmt":"2025-03-07T06:51:19","guid":{"rendered":"https:\/\/aestheticmexico.click\/?post_type=product&#038;p=9050"},"modified":"2025-06-28T16:31:37","modified_gmt":"2025-06-28T23:31:37","slug":"super-set-3-sueros-kit-colagenoacido-hialuronico-niacinamida","status":"publish","type":"product","link":"https:\/\/aestheticmexico.click\/en\/shop\/todas-las-categorias\/juvenil-mujer\/belleza-y-cuidado-personal-juvenil-mujer\/super-set-3-sueros-kit-colagenoacido-hialuronico-niacinamida\/","title":{"rendered":"SUPER SET 3 SUEROS KIT COLAGENO,ACIDO HIALURONICO, NIACINAMIDA"},"content":{"rendered":"<p data-start=\"0\" data-end=\"66\">\ud83c\udf1f <strong data-start=\"3\" data-end=\"61\">SUPER SET 3 SUEROS \u2013 EL SECRETO PARA UNA PIEL PERFECTA<\/strong> \ud83c\udf1f<\/p>\n<p data-start=\"68\" data-end=\"271\">\u2728 Transforma tu rutina de cuidado con nuestro <strong data-start=\"114\" data-end=\"133\">Kit de 3 sueros<\/strong>: <strong data-start=\"135\" data-end=\"181\">Col\u00e1geno + \u00c1cido Hialur\u00f3nico + Niacinamida<\/strong>. Un tr\u00edo poderoso para mantener tu piel <strong data-start=\"222\" data-end=\"268\">firme, hidratada y libre de imperfecciones<\/strong>.<\/p>\n<p data-start=\"273\" data-end=\"537\">\ud83d\udc96 <strong data-start=\"276\" data-end=\"305\">Beneficios de cada suero:<\/strong><br data-start=\"305\" data-end=\"308\" \/>\u2714\ufe0f <strong data-start=\"311\" data-end=\"323\">Col\u00e1geno<\/strong> \u2013 Firmeza y elasticidad para una piel m\u00e1s joven. \ud83d\udc86\u200d\u2640\ufe0f<br data-start=\"378\" data-end=\"381\" \/>\u2714\ufe0f <strong data-start=\"384\" data-end=\"405\" data-is-only-node=\"\">\u00c1cido Hialur\u00f3nico<\/strong> \u2013 Hidrataci\u00f3n profunda y reducci\u00f3n de arrugas. \ud83d\udca6<br data-start=\"455\" data-end=\"458\" \/>\u2714\ufe0f <strong data-start=\"461\" data-end=\"476\">Niacinamida<\/strong> \u2013 Controla la grasa, reduce manchas y mejora la textura. \u2728<\/p>\n<p data-start=\"539\" data-end=\"626\">\ud83d\udc8a <strong data-start=\"542\" data-end=\"596\">Resultados visibles y piel radiante en un solo kit<\/strong>. \u00a1No te quedes sin el tuyo!<\/p>\n<p data-start=\"628\" data-end=\"673\">\ud83d\udecd\ufe0f <strong data-start=\"632\" data-end=\"671\">Ord\u00e9nalo ahora y consiente tu piel.<\/strong><\/p>","protected":false},"excerpt":{"rendered":"<p>\ud83c\udf1f SUPER SET 3 SUEROS \u2013 EL SECRETO PARA UNA PIEL PERFECTA \ud83c\udf1f \u2728 Transforma tu rutina de cuidado con nuestro Kit de 3 sueros: Col\u00e1geno + \u00c1cido Hialur\u00f3nico + Niacinamida. Un tr\u00edo poderoso para mantener tu piel firme, hidratada y libre de imperfecciones. \ud83d\udc96 Beneficios de cada suero:\u2714\ufe0f Col\u00e1geno \u2013 Firmeza y elasticidad para [&hellip;]<\/p>\n","protected":false},"featured_media":9176,"comment_status":"open","ping_status":"closed","template":"","meta":{"_seopress_robots_primary_cat":"","_seopress_titles_title":"","_seopress_titles_desc":"","_seopress_robots_index":"","_gspb_post_css":"","content-type":""},"product_brand":[],"product_cat":[145,37,131,15,114],"product_tag":[],"class_list":{"0":"post-9050","1":"product","2":"type-product","3":"status-publish","4":"has-post-thumbnail","6":"product_cat-belleza-y-cuidado-personal-juvenil-mujer","7":"product_cat-belleza-y-cuidado-personal","8":"product_cat-juvenil-mujer","9":"product_cat-mujer","10":"product_cat-todas-las-categorias","12":"first","13":"instock","14":"taxable","15":"shipping-taxable","16":"purchasable","17":"product-type-variable"},"jetpack_sharing_enabled":true,"_links":{"self":[{"href":"https:\/\/aestheticmexico.click\/en\/wp-json\/wp\/v2\/product\/9050","targetHints":{"allow":["GET"]}}],"collection":[{"href":"https:\/\/aestheticmexico.click\/en\/wp-json\/wp\/v2\/product"}],"about":[{"href":"https:\/\/aestheticmexico.click\/en\/wp-json\/wp\/v2\/types\/product"}],"replies":[{"embeddable":true,"href":"https:\/\/aestheticmexico.click\/en\/wp-json\/wp\/v2\/comments?post=9050"}],"wp:featuredmedia":[{"embeddable":true,"href":"https:\/\/aestheticmexico.click\/en\/wp-json\/wp\/v2\/media\/9176"}],"wp:attachment":[{"href":"https:\/\/aestheticmexico.click\/en\/wp-json\/wp\/v2\/media?parent=9050"}],"wp:term":[{"taxonomy":"product_brand","embeddable":true,"href":"https:\/\/aestheticmexico.click\/en\/wp-json\/wp\/v2\/product_brand?post=9050"},{"taxonomy":"product_cat","embeddable":true,"href":"https:\/\/aestheticmexico.click\/en\/wp-json\/wp\/v2\/product_cat?post=9050"},{"taxonomy":"product_tag","embeddable":true,"href":"https:\/\/aestheticmexico.click\/en\/wp-json\/wp\/v2\/product_tag?post=9050"}],"curies":[{"name":"wp","href":"https:\/\/api.w.org\/{rel}","templated":true}]}}