{"id":9047,"date":"2025-03-06T23:40:10","date_gmt":"2025-03-07T06:40:10","guid":{"rendered":"https:\/\/aestheticmexico.click\/?post_type=product&#038;p=9047"},"modified":"2025-06-28T16:30:45","modified_gmt":"2025-06-28T23:30:45","slug":"acido-hialuronico","status":"publish","type":"product","link":"https:\/\/aestheticmexico.click\/en\/shop\/todas-las-categorias\/juvenil-mujer\/belleza-y-cuidado-personal-juvenil-mujer\/acido-hialuronico\/","title":{"rendered":"ACIDO HIALURONICO"},"content":{"rendered":"<p data-start=\"0\" data-end=\"67\">\ud83d\udca7 <strong data-start=\"3\" data-end=\"62\">\u00c1CIDO HIALUR\u00d3NICO \u2013 HIDRATACI\u00d3N Y JUVENTUD PARA TU PIEL<\/strong> \ud83d\udca7<\/p>\n<p data-start=\"69\" data-end=\"229\">Dale a tu piel el cuidado que se merece con <strong data-start=\"113\" data-end=\"134\">\u00e1cido hialur\u00f3nico<\/strong>, el secreto para una hidrataci\u00f3n profunda, una apariencia m\u00e1s joven y una piel radiante. \u2728\ud83d\udc96<\/p>\n<p data-start=\"231\" data-end=\"496\">\ud83d\udd39 <strong data-start=\"234\" data-end=\"255\">Beneficios clave:<\/strong><br data-start=\"255\" data-end=\"258\" \/>\u2714\ufe0f <strong data-start=\"261\" data-end=\"295\">Hidrataci\u00f3n intensa y duradera<\/strong> \ud83d\udca6<br data-start=\"298\" data-end=\"301\" \/>\u2714\ufe0f <strong data-start=\"304\" data-end=\"350\">Reducci\u00f3n de arrugas y l\u00edneas de expresi\u00f3n<\/strong> \u2728<br data-start=\"352\" data-end=\"355\" \/>\u2714\ufe0f <strong data-start=\"358\" data-end=\"387\">Piel m\u00e1s firme y el\u00e1stica<\/strong> \ud83d\udc86\u200d\u2640\ufe0f<br data-start=\"393\" data-end=\"396\" \/>\u2714\ufe0f <strong data-start=\"399\" data-end=\"435\">Favorece la regeneraci\u00f3n celular<\/strong> \ud83d\udd04<br data-start=\"438\" data-end=\"441\" \/>\u2714\ufe0f <strong data-start=\"444\" data-end=\"490\">Protege contra el envejecimiento prematuro<\/strong> \ud83d\udd70\ufe0f<\/p>\n<p data-start=\"498\" data-end=\"584\">\ud83d\udc8a \u00a1Cuida tu piel desde adentro y luce un rostro radiante! <strong data-start=\"557\" data-end=\"582\">Cons\u00edguelo hoy mismo.<\/strong><\/p>","protected":false},"excerpt":{"rendered":"<p>\ud83d\udca7 \u00c1CIDO HIALUR\u00d3NICO \u2013 HIDRATACI\u00d3N Y JUVENTUD PARA TU PIEL \ud83d\udca7 Dale a tu piel el cuidado que se merece con \u00e1cido hialur\u00f3nico, el secreto para una hidrataci\u00f3n profunda, una apariencia m\u00e1s joven y una piel radiante. \u2728\ud83d\udc96 \ud83d\udd39 Beneficios clave:\u2714\ufe0f Hidrataci\u00f3n intensa y duradera \ud83d\udca6\u2714\ufe0f Reducci\u00f3n de arrugas y l\u00edneas de expresi\u00f3n \u2728\u2714\ufe0f Piel [&hellip;]<\/p>\n","protected":false},"featured_media":9177,"comment_status":"open","ping_status":"closed","template":"","meta":{"_seopress_robots_primary_cat":"","_seopress_titles_title":"","_seopress_titles_desc":"","_seopress_robots_index":"","_gspb_post_css":"","content-type":""},"product_brand":[],"product_cat":[145,37,131,15,114],"product_tag":[],"class_list":{"0":"post-9047","1":"product","2":"type-product","3":"status-publish","4":"has-post-thumbnail","6":"product_cat-belleza-y-cuidado-personal-juvenil-mujer","7":"product_cat-belleza-y-cuidado-personal","8":"product_cat-juvenil-mujer","9":"product_cat-mujer","10":"product_cat-todas-las-categorias","12":"first","13":"instock","14":"taxable","15":"shipping-taxable","16":"purchasable","17":"product-type-variable"},"jetpack_sharing_enabled":true,"_links":{"self":[{"href":"https:\/\/aestheticmexico.click\/en\/wp-json\/wp\/v2\/product\/9047","targetHints":{"allow":["GET"]}}],"collection":[{"href":"https:\/\/aestheticmexico.click\/en\/wp-json\/wp\/v2\/product"}],"about":[{"href":"https:\/\/aestheticmexico.click\/en\/wp-json\/wp\/v2\/types\/product"}],"replies":[{"embeddable":true,"href":"https:\/\/aestheticmexico.click\/en\/wp-json\/wp\/v2\/comments?post=9047"}],"wp:featuredmedia":[{"embeddable":true,"href":"https:\/\/aestheticmexico.click\/en\/wp-json\/wp\/v2\/media\/9177"}],"wp:attachment":[{"href":"https:\/\/aestheticmexico.click\/en\/wp-json\/wp\/v2\/media?parent=9047"}],"wp:term":[{"taxonomy":"product_brand","embeddable":true,"href":"https:\/\/aestheticmexico.click\/en\/wp-json\/wp\/v2\/product_brand?post=9047"},{"taxonomy":"product_cat","embeddable":true,"href":"https:\/\/aestheticmexico.click\/en\/wp-json\/wp\/v2\/product_cat?post=9047"},{"taxonomy":"product_tag","embeddable":true,"href":"https:\/\/aestheticmexico.click\/en\/wp-json\/wp\/v2\/product_tag?post=9047"}],"curies":[{"name":"wp","href":"https:\/\/api.w.org\/{rel}","templated":true}]}}