{"id":9044,"date":"2025-03-06T23:35:07","date_gmt":"2025-03-07T06:35:07","guid":{"rendered":"https:\/\/aestheticmexico.click\/?post_type=product&#038;p=9044"},"modified":"2025-06-28T16:30:35","modified_gmt":"2025-06-28T23:30:35","slug":"colagenobiotina","status":"publish","type":"product","link":"https:\/\/aestheticmexico.click\/en\/shop\/todas-las-categorias\/juvenil-mujer\/belleza-y-cuidado-personal-juvenil-mujer\/colagenobiotina\/","title":{"rendered":"COLAGENO+BIOTINA"},"content":{"rendered":"<p data-start=\"0\" data-end=\"62\">\ud83d\udc96 <strong data-start=\"3\" data-end=\"57\">COL\u00c1GENO + BIOTINA \u2013 BELLEZA Y SALUD DESDE ADENTRO<\/strong> \ud83d\udc96<\/p>\n<p data-start=\"64\" data-end=\"255\">Potencia tu belleza natural con la combinaci\u00f3n perfecta de <strong data-start=\"123\" data-end=\"145\">col\u00e1geno y biotina<\/strong>, dise\u00f1ada para fortalecer tu piel, cabello y u\u00f1as, adem\u00e1s de mejorar la salud de tus articulaciones. \u2728\ud83d\udc86\u200d\u2640\ufe0f<\/p>\n<p data-start=\"257\" data-end=\"510\">\ud83d\udd39 <strong data-start=\"260\" data-end=\"281\">Beneficios clave:<\/strong><br data-start=\"281\" data-end=\"284\" \/>\u2714\ufe0f <strong data-start=\"287\" data-end=\"316\">Piel m\u00e1s firme y radiante<\/strong> \u2728<br data-start=\"318\" data-end=\"321\" \/>\u2714\ufe0f <strong data-start=\"324\" data-end=\"359\">Cabello fuerte y con m\u00e1s brillo<\/strong> \ud83d\udc87\u200d\u2640\ufe0f<br data-start=\"365\" data-end=\"368\" \/>\u2714\ufe0f <strong data-start=\"371\" data-end=\"404\">U\u00f1as resistentes y saludables<\/strong> \ud83d\udc85<br data-start=\"407\" data-end=\"410\" \/>\u2714\ufe0f <strong data-start=\"413\" data-end=\"459\">Fortalecimiento de huesos y articulaciones<\/strong> \ud83e\uddb4<br data-start=\"462\" data-end=\"465\" \/>\u2714\ufe0f <strong data-start=\"468\" data-end=\"508\">Hidrataci\u00f3n y elasticidad de la piel<\/strong><\/p>\n<p data-start=\"512\" data-end=\"621\">\ud83d\udc8a \u00a1Dale a tu cuerpo los nutrientes que necesita para mantenerse joven y saludable! <strong data-start=\"596\" data-end=\"619\">Pide el tuyo ahora.<\/strong><\/p>","protected":false},"excerpt":{"rendered":"<p>\ud83d\udc96 COL\u00c1GENO + BIOTINA \u2013 BELLEZA Y SALUD DESDE ADENTRO \ud83d\udc96 Potencia tu belleza natural con la combinaci\u00f3n perfecta de col\u00e1geno y biotina, dise\u00f1ada para fortalecer tu piel, cabello y u\u00f1as, adem\u00e1s de mejorar la salud de tus articulaciones. \u2728\ud83d\udc86\u200d\u2640\ufe0f \ud83d\udd39 Beneficios clave:\u2714\ufe0f Piel m\u00e1s firme y radiante \u2728\u2714\ufe0f Cabello fuerte y con m\u00e1s brillo [&hellip;]<\/p>\n","protected":false},"featured_media":9178,"comment_status":"open","ping_status":"closed","template":"","meta":{"_seopress_robots_primary_cat":"","_seopress_titles_title":"","_seopress_titles_desc":"","_seopress_robots_index":"","_seopress_analysis_target_kw":"","_gspb_post_css":"","content-type":""},"product_brand":[],"product_cat":[145,37,131,15,114],"product_tag":[],"class_list":{"0":"post-9044","1":"product","2":"type-product","3":"status-publish","4":"has-post-thumbnail","6":"product_cat-belleza-y-cuidado-personal-juvenil-mujer","7":"product_cat-belleza-y-cuidado-personal","8":"product_cat-juvenil-mujer","9":"product_cat-mujer","10":"product_cat-todas-las-categorias","12":"first","13":"instock","14":"taxable","15":"shipping-taxable","16":"purchasable","17":"product-type-variable"},"jetpack_sharing_enabled":true,"_links":{"self":[{"href":"https:\/\/aestheticmexico.click\/en\/wp-json\/wp\/v2\/product\/9044","targetHints":{"allow":["GET"]}}],"collection":[{"href":"https:\/\/aestheticmexico.click\/en\/wp-json\/wp\/v2\/product"}],"about":[{"href":"https:\/\/aestheticmexico.click\/en\/wp-json\/wp\/v2\/types\/product"}],"replies":[{"embeddable":true,"href":"https:\/\/aestheticmexico.click\/en\/wp-json\/wp\/v2\/comments?post=9044"}],"wp:featuredmedia":[{"embeddable":true,"href":"https:\/\/aestheticmexico.click\/en\/wp-json\/wp\/v2\/media\/9178"}],"wp:attachment":[{"href":"https:\/\/aestheticmexico.click\/en\/wp-json\/wp\/v2\/media?parent=9044"}],"wp:term":[{"taxonomy":"product_brand","embeddable":true,"href":"https:\/\/aestheticmexico.click\/en\/wp-json\/wp\/v2\/product_brand?post=9044"},{"taxonomy":"product_cat","embeddable":true,"href":"https:\/\/aestheticmexico.click\/en\/wp-json\/wp\/v2\/product_cat?post=9044"},{"taxonomy":"product_tag","embeddable":true,"href":"https:\/\/aestheticmexico.click\/en\/wp-json\/wp\/v2\/product_tag?post=9044"}],"curies":[{"name":"wp","href":"https:\/\/api.w.org\/{rel}","templated":true}]}}