{"id":9041,"date":"2025-03-06T23:29:15","date_gmt":"2025-03-07T06:29:15","guid":{"rendered":"https:\/\/aestheticmexico.click\/?post_type=product&#038;p=9041"},"modified":"2025-06-28T16:30:17","modified_gmt":"2025-06-28T23:30:17","slug":"multivitaminico","status":"publish","type":"product","link":"https:\/\/aestheticmexico.click\/en\/shop\/todas-las-categorias\/juvenil-mujer\/belleza-y-cuidado-personal-juvenil-mujer\/multivitaminico\/","title":{"rendered":"MULTIVITAMINICO"},"content":{"rendered":"<p data-start=\"0\" data-end=\"64\">\ud83c\udf1f <strong data-start=\"3\" data-end=\"59\">MULTIVITAM\u00cdNICO \u2013 ENERG\u00cdA Y BIENESTAR TODOS LOS D\u00cdAS<\/strong> \ud83c\udf1f<\/p>\n<p data-start=\"66\" data-end=\"263\">Dale a tu cuerpo los nutrientes esenciales que necesita con nuestro <strong data-start=\"134\" data-end=\"153\">multivitam\u00ednico<\/strong>. Formulado para fortalecer tu sistema inmunol\u00f3gico, aumentar tu energ\u00eda y mejorar tu bienestar general. \ud83d\udcaa\u2728<\/p>\n<p data-start=\"265\" data-end=\"524\">\ud83d\udd39 <strong data-start=\"268\" data-end=\"289\">Beneficios clave:<\/strong><br data-start=\"289\" data-end=\"292\" \/>\u2714\ufe0f Aporta <strong data-start=\"302\" data-end=\"338\">vitaminas y minerales esenciales<\/strong><br data-start=\"338\" data-end=\"341\" \/>\u2714\ufe0f Refuerza el <strong data-start=\"356\" data-end=\"380\">sistema inmunol\u00f3gico<\/strong> \ud83d\udee1\ufe0f<br data-start=\"384\" data-end=\"387\" \/>\u2714\ufe0f Mejora la <strong data-start=\"400\" data-end=\"423\">energ\u00eda y vitalidad<\/strong> \u26a1<br data-start=\"425\" data-end=\"428\" \/>\u2714\ufe0f Favorece la <strong data-start=\"443\" data-end=\"476\">salud de piel, cabello y u\u00f1as<\/strong><br data-start=\"476\" data-end=\"479\" \/>\u2714\ufe0f Apoya el <strong data-start=\"491\" data-end=\"522\">rendimiento f\u00edsico y mental<\/strong><\/p>\n<p data-start=\"526\" data-end=\"626\">\ud83d\udc8a \u00a1Empieza cada d\u00eda con la mejor versi\u00f3n de ti! \ud83d\udd25 <strong data-start=\"578\" data-end=\"624\">Ord\u00e9nalo ahora y cuida tu salud al m\u00e1ximo.<\/strong><\/p>","protected":false},"excerpt":{"rendered":"<p>\ud83c\udf1f MULTIVITAM\u00cdNICO \u2013 ENERG\u00cdA Y BIENESTAR TODOS LOS D\u00cdAS \ud83c\udf1f Dale a tu cuerpo los nutrientes esenciales que necesita con nuestro multivitam\u00ednico. Formulado para fortalecer tu sistema inmunol\u00f3gico, aumentar tu energ\u00eda y mejorar tu bienestar general. \ud83d\udcaa\u2728 \ud83d\udd39 Beneficios clave:\u2714\ufe0f Aporta vitaminas y minerales esenciales\u2714\ufe0f Refuerza el sistema inmunol\u00f3gico \ud83d\udee1\ufe0f\u2714\ufe0f Mejora la energ\u00eda y vitalidad [&hellip;]<\/p>\n","protected":false},"featured_media":9179,"comment_status":"open","ping_status":"closed","template":"","meta":{"_seopress_robots_primary_cat":"","_seopress_titles_title":"","_seopress_titles_desc":"","_seopress_robots_index":"","_seopress_analysis_target_kw":"","_gspb_post_css":"","content-type":""},"product_brand":[],"product_cat":[145,37,131,15,114],"product_tag":[],"class_list":{"0":"post-9041","1":"product","2":"type-product","3":"status-publish","4":"has-post-thumbnail","6":"product_cat-belleza-y-cuidado-personal-juvenil-mujer","7":"product_cat-belleza-y-cuidado-personal","8":"product_cat-juvenil-mujer","9":"product_cat-mujer","10":"product_cat-todas-las-categorias","12":"first","13":"instock","14":"taxable","15":"shipping-taxable","16":"purchasable","17":"product-type-variable"},"jetpack_sharing_enabled":true,"_links":{"self":[{"href":"https:\/\/aestheticmexico.click\/en\/wp-json\/wp\/v2\/product\/9041","targetHints":{"allow":["GET"]}}],"collection":[{"href":"https:\/\/aestheticmexico.click\/en\/wp-json\/wp\/v2\/product"}],"about":[{"href":"https:\/\/aestheticmexico.click\/en\/wp-json\/wp\/v2\/types\/product"}],"replies":[{"embeddable":true,"href":"https:\/\/aestheticmexico.click\/en\/wp-json\/wp\/v2\/comments?post=9041"}],"wp:featuredmedia":[{"embeddable":true,"href":"https:\/\/aestheticmexico.click\/en\/wp-json\/wp\/v2\/media\/9179"}],"wp:attachment":[{"href":"https:\/\/aestheticmexico.click\/en\/wp-json\/wp\/v2\/media?parent=9041"}],"wp:term":[{"taxonomy":"product_brand","embeddable":true,"href":"https:\/\/aestheticmexico.click\/en\/wp-json\/wp\/v2\/product_brand?post=9041"},{"taxonomy":"product_cat","embeddable":true,"href":"https:\/\/aestheticmexico.click\/en\/wp-json\/wp\/v2\/product_cat?post=9041"},{"taxonomy":"product_tag","embeddable":true,"href":"https:\/\/aestheticmexico.click\/en\/wp-json\/wp\/v2\/product_tag?post=9041"}],"curies":[{"name":"wp","href":"https:\/\/api.w.org\/{rel}","templated":true}]}}