{"id":9038,"date":"2025-03-02T21:53:22","date_gmt":"2025-03-03T04:53:22","guid":{"rendered":"https:\/\/aestheticmexico.click\/?post_type=product&#038;p=9038"},"modified":"2025-06-28T16:30:27","modified_gmt":"2025-06-28T23:30:27","slug":"esmalte-para-unas","status":"publish","type":"product","link":"https:\/\/aestheticmexico.click\/en\/shop\/todas-las-categorias\/mujer\/belleza-y-cuidado-personal\/esmalte-para-unas\/","title":{"rendered":"ESMALTE PARA U\u00d1AS"},"content":{"rendered":"<p>Luce unas u\u00f1as impecables y llenas de color con nuestro Esmalte de U\u00f1as [Nombre del Color]. Su f\u00f3rmula de alta calidad proporciona una cobertura uniforme y un brillo duradero, perfecto para cualquier ocasi\u00f3n. Desde tonos cl\u00e1sicos hasta los colores m\u00e1s vibrantes, encuentra el esmalte ideal para expresar tu estilo.<\/p>\n","protected":false},"excerpt":{"rendered":"<p>Luce unas u\u00f1as impecables y llenas de color con nuestro Esmalte de U\u00f1as [Nombre del Color]. Su f\u00f3rmula de alta calidad proporciona una cobertura uniforme y un brillo duradero, perfecto para cualquier ocasi\u00f3n. Desde tonos cl\u00e1sicos hasta los colores m\u00e1s vibrantes, encuentra el esmalte ideal para expresar tu estilo.<\/p>\n","protected":false},"featured_media":9040,"comment_status":"open","ping_status":"closed","template":"","meta":{"_seopress_robots_primary_cat":"","_seopress_titles_title":"","_seopress_titles_desc":"","_seopress_robots_index":"","_gspb_post_css":"","content-type":""},"product_brand":[],"product_cat":[37,145,131,15,114],"product_tag":[],"class_list":{"0":"post-9038","1":"product","2":"type-product","3":"status-publish","4":"has-post-thumbnail","6":"product_cat-belleza-y-cuidado-personal","7":"product_cat-belleza-y-cuidado-personal-juvenil-mujer","8":"product_cat-juvenil-mujer","9":"product_cat-mujer","10":"product_cat-todas-las-categorias","12":"first","13":"instock","14":"taxable","15":"shipping-taxable","16":"purchasable","17":"product-type-variable"},"jetpack_sharing_enabled":true,"_links":{"self":[{"href":"https:\/\/aestheticmexico.click\/en\/wp-json\/wp\/v2\/product\/9038","targetHints":{"allow":["GET"]}}],"collection":[{"href":"https:\/\/aestheticmexico.click\/en\/wp-json\/wp\/v2\/product"}],"about":[{"href":"https:\/\/aestheticmexico.click\/en\/wp-json\/wp\/v2\/types\/product"}],"replies":[{"embeddable":true,"href":"https:\/\/aestheticmexico.click\/en\/wp-json\/wp\/v2\/comments?post=9038"}],"wp:featuredmedia":[{"embeddable":true,"href":"https:\/\/aestheticmexico.click\/en\/wp-json\/wp\/v2\/media\/9040"}],"wp:attachment":[{"href":"https:\/\/aestheticmexico.click\/en\/wp-json\/wp\/v2\/media?parent=9038"}],"wp:term":[{"taxonomy":"product_brand","embeddable":true,"href":"https:\/\/aestheticmexico.click\/en\/wp-json\/wp\/v2\/product_brand?post=9038"},{"taxonomy":"product_cat","embeddable":true,"href":"https:\/\/aestheticmexico.click\/en\/wp-json\/wp\/v2\/product_cat?post=9038"},{"taxonomy":"product_tag","embeddable":true,"href":"https:\/\/aestheticmexico.click\/en\/wp-json\/wp\/v2\/product_tag?post=9038"}],"curies":[{"name":"wp","href":"https:\/\/api.w.org\/{rel}","templated":true}]}}