{"id":9001,"date":"2025-02-22T23:42:37","date_gmt":"2025-02-23T06:42:37","guid":{"rendered":"https:\/\/aestheticmexico.click\/?post_type=product&#038;p=9001"},"modified":"2025-06-28T16:35:46","modified_gmt":"2025-06-28T23:35:46","slug":"pantalon-de-mezclilla-ancho","status":"publish","type":"product","link":"https:\/\/aestheticmexico.click\/en\/shop\/todas-las-categorias\/juvenil-mujer\/pantalones-juvenil-mujer\/pantalon-de-mezclilla-ancho\/","title":{"rendered":"PANTALON DE MEZCLILLA ANCHO"},"content":{"rendered":"<p data-start=\"0\" data-end=\"37\">\u2728 <strong data-start=\"2\" data-end=\"33\">Pantal\u00f3n de Mezclilla Ancho<\/strong> \u2728<\/p>\n<p data-start=\"39\" data-end=\"400\">Este pantal\u00f3n de mezclilla de corte amplio es perfecto para quienes buscan comodidad y estilo. Su dise\u00f1o moderno y relajado permite moverte con libertad, mientras que su tono azul cl\u00e1sico lo hace ideal para combinar con cualquier outfit. Cuenta con bolsillos funcionales y un ajuste favorecedor en la cintura. \u00a1Un b\u00e1sico infaltable para cualquier guardarropa!<\/p>","protected":false},"excerpt":{"rendered":"<p>\u2728 Pantal\u00f3n de Mezclilla Ancho \u2728 Este pantal\u00f3n de mezclilla de corte amplio es perfecto para quienes buscan comodidad y estilo. Su dise\u00f1o moderno y relajado permite moverte con libertad, mientras que su tono azul cl\u00e1sico lo hace ideal para combinar con cualquier outfit. Cuenta con bolsillos funcionales y un ajuste favorecedor en la cintura. [&hellip;]<\/p>\n","protected":false},"featured_media":9003,"comment_status":"open","ping_status":"closed","template":"","meta":{"_seopress_robots_primary_cat":"","_seopress_titles_title":"","_seopress_titles_desc":"","_seopress_robots_index":"","_seopress_analysis_target_kw":"","_gspb_post_css":"","content-type":""},"product_brand":[],"product_cat":[131,15,162,33,114],"product_tag":[],"class_list":{"0":"post-9001","1":"product","2":"type-product","3":"status-publish","4":"has-post-thumbnail","6":"product_cat-juvenil-mujer","7":"product_cat-mujer","8":"product_cat-pantalones-juvenil-mujer","9":"product_cat-pantalones","10":"product_cat-todas-las-categorias","12":"first","13":"instock","14":"taxable","15":"shipping-taxable","16":"purchasable","17":"product-type-variable"},"jetpack_sharing_enabled":true,"_links":{"self":[{"href":"https:\/\/aestheticmexico.click\/en\/wp-json\/wp\/v2\/product\/9001","targetHints":{"allow":["GET"]}}],"collection":[{"href":"https:\/\/aestheticmexico.click\/en\/wp-json\/wp\/v2\/product"}],"about":[{"href":"https:\/\/aestheticmexico.click\/en\/wp-json\/wp\/v2\/types\/product"}],"replies":[{"embeddable":true,"href":"https:\/\/aestheticmexico.click\/en\/wp-json\/wp\/v2\/comments?post=9001"}],"wp:featuredmedia":[{"embeddable":true,"href":"https:\/\/aestheticmexico.click\/en\/wp-json\/wp\/v2\/media\/9003"}],"wp:attachment":[{"href":"https:\/\/aestheticmexico.click\/en\/wp-json\/wp\/v2\/media?parent=9001"}],"wp:term":[{"taxonomy":"product_brand","embeddable":true,"href":"https:\/\/aestheticmexico.click\/en\/wp-json\/wp\/v2\/product_brand?post=9001"},{"taxonomy":"product_cat","embeddable":true,"href":"https:\/\/aestheticmexico.click\/en\/wp-json\/wp\/v2\/product_cat?post=9001"},{"taxonomy":"product_tag","embeddable":true,"href":"https:\/\/aestheticmexico.click\/en\/wp-json\/wp\/v2\/product_tag?post=9001"}],"curies":[{"name":"wp","href":"https:\/\/api.w.org\/{rel}","templated":true}]}}