{"id":8998,"date":"2025-02-22T23:35:36","date_gmt":"2025-02-23T06:35:36","guid":{"rendered":"https:\/\/aestheticmexico.click\/?post_type=product&#038;p=8998"},"modified":"2025-06-28T16:32:34","modified_gmt":"2025-06-28T23:32:34","slug":"blusa-lisa","status":"publish","type":"product","link":"https:\/\/aestheticmexico.click\/en\/shop\/todas-las-categorias\/juvenil-mujer\/blusas-juvenil-mujer\/blusa-lisa\/","title":{"rendered":"BLUSA LISA"},"content":{"rendered":"<p data-start=\"0\" data-end=\"20\">\u2728 <strong data-start=\"2\" data-end=\"16\">Blusa Lisa<\/strong> \u2728<\/p>\n<p data-start=\"22\" data-end=\"344\">Una prenda b\u00e1sica y vers\u00e1til que no puede faltar en tu armario. Su dise\u00f1o minimalista y elegante permite combinarla con cualquier outfit, ya sea formal o casual. Fabricada con tela ligera y c\u00f3moda, es ideal para el d\u00eda a d\u00eda. Disponible en varios colores para adaptarse a tu estilo. \u00a1Un must-have para cualquier ocasi\u00f3n!<\/p>","protected":false},"excerpt":{"rendered":"<p>\u2728 Blusa Lisa \u2728 Una prenda b\u00e1sica y vers\u00e1til que no puede faltar en tu armario. Su dise\u00f1o minimalista y elegante permite combinarla con cualquier outfit, ya sea formal o casual. Fabricada con tela ligera y c\u00f3moda, es ideal para el d\u00eda a d\u00eda. Disponible en varios colores para adaptarse a tu estilo. \u00a1Un must-have [&hellip;]<\/p>\n","protected":false},"featured_media":9000,"comment_status":"open","ping_status":"closed","template":"","meta":{"_seopress_robots_primary_cat":"","_seopress_titles_title":"","_seopress_titles_desc":"","_seopress_robots_index":"","_gspb_post_css":"","content-type":""},"product_brand":[107],"product_cat":[146,30,131,15,114],"product_tag":[],"class_list":{"0":"post-8998","1":"product","2":"type-product","3":"status-publish","4":"has-post-thumbnail","6":"product_brand-aesthetic","7":"product_cat-blusas-juvenil-mujer","8":"product_cat-blusas","9":"product_cat-juvenil-mujer","10":"product_cat-mujer","11":"product_cat-todas-las-categorias","13":"first","14":"instock","15":"taxable","16":"shipping-taxable","17":"purchasable","18":"product-type-variable"},"jetpack_sharing_enabled":true,"_links":{"self":[{"href":"https:\/\/aestheticmexico.click\/en\/wp-json\/wp\/v2\/product\/8998","targetHints":{"allow":["GET"]}}],"collection":[{"href":"https:\/\/aestheticmexico.click\/en\/wp-json\/wp\/v2\/product"}],"about":[{"href":"https:\/\/aestheticmexico.click\/en\/wp-json\/wp\/v2\/types\/product"}],"replies":[{"embeddable":true,"href":"https:\/\/aestheticmexico.click\/en\/wp-json\/wp\/v2\/comments?post=8998"}],"wp:featuredmedia":[{"embeddable":true,"href":"https:\/\/aestheticmexico.click\/en\/wp-json\/wp\/v2\/media\/9000"}],"wp:attachment":[{"href":"https:\/\/aestheticmexico.click\/en\/wp-json\/wp\/v2\/media?parent=8998"}],"wp:term":[{"taxonomy":"product_brand","embeddable":true,"href":"https:\/\/aestheticmexico.click\/en\/wp-json\/wp\/v2\/product_brand?post=8998"},{"taxonomy":"product_cat","embeddable":true,"href":"https:\/\/aestheticmexico.click\/en\/wp-json\/wp\/v2\/product_cat?post=8998"},{"taxonomy":"product_tag","embeddable":true,"href":"https:\/\/aestheticmexico.click\/en\/wp-json\/wp\/v2\/product_tag?post=8998"}],"curies":[{"name":"wp","href":"https:\/\/api.w.org\/{rel}","templated":true}]}}