{"id":8980,"date":"2025-02-22T19:53:32","date_gmt":"2025-02-23T02:53:32","guid":{"rendered":"https:\/\/aestheticmexico.click\/?post_type=product&#038;p=8980"},"modified":"2025-06-28T17:17:25","modified_gmt":"2025-06-29T00:17:25","slug":"vestido-largo-elegante","status":"publish","type":"product","link":"https:\/\/aestheticmexico.click\/en\/shop\/todas-las-categorias\/juvenil-mujer\/vestidos-juvenil-mujer\/vestido-largo-elegante\/","title":{"rendered":"VESTIDO LARGO ELEGANTE"},"content":{"rendered":"<p>\u2728 <strong data-start=\"65\" data-end=\"91\">Vestido Largo Elegante<\/strong> \u2728<br data-start=\"93\" data-end=\"96\" \/>Este vestido es la combinaci\u00f3n perfecta de sofisticaci\u00f3n y estilo. Con un dise\u00f1o ajustado que realza la figura, un escote refinado y detalles sutiles, es ideal para eventos formales, bodas o cenas especiales. Su tela de alta calidad aporta comodidad y un movimiento fluido que te har\u00e1 brillar en cada paso. \u00a1Atr\u00e9vete a destacar con elegancia y glamour!<\/p>","protected":false},"excerpt":{"rendered":"<p>\u2728 Vestido Largo Elegante \u2728Este vestido es la combinaci\u00f3n perfecta de sofisticaci\u00f3n y estilo. Con un dise\u00f1o ajustado que realza la figura, un escote refinado y detalles sutiles, es ideal para eventos formales, bodas o cenas especiales. Su tela de alta calidad aporta comodidad y un movimiento fluido que te har\u00e1 brillar en cada paso. [&hellip;]<\/p>\n","protected":false},"featured_media":8982,"comment_status":"open","ping_status":"closed","template":"","meta":{"_seopress_robots_primary_cat":"","_seopress_titles_title":"","_seopress_titles_desc":"","_seopress_robots_index":"","_gspb_post_css":"","content-type":""},"product_brand":[],"product_cat":[131,15,114,170,27],"product_tag":[],"class_list":{"0":"post-8980","1":"product","2":"type-product","3":"status-publish","4":"has-post-thumbnail","6":"product_cat-juvenil-mujer","7":"product_cat-mujer","8":"product_cat-todas-las-categorias","9":"product_cat-vestidos-juvenil-mujer","10":"product_cat-vestidos","12":"first","13":"instock","14":"taxable","15":"shipping-taxable","16":"purchasable","17":"product-type-variable"},"jetpack_sharing_enabled":true,"_links":{"self":[{"href":"https:\/\/aestheticmexico.click\/en\/wp-json\/wp\/v2\/product\/8980","targetHints":{"allow":["GET"]}}],"collection":[{"href":"https:\/\/aestheticmexico.click\/en\/wp-json\/wp\/v2\/product"}],"about":[{"href":"https:\/\/aestheticmexico.click\/en\/wp-json\/wp\/v2\/types\/product"}],"replies":[{"embeddable":true,"href":"https:\/\/aestheticmexico.click\/en\/wp-json\/wp\/v2\/comments?post=8980"}],"wp:featuredmedia":[{"embeddable":true,"href":"https:\/\/aestheticmexico.click\/en\/wp-json\/wp\/v2\/media\/8982"}],"wp:attachment":[{"href":"https:\/\/aestheticmexico.click\/en\/wp-json\/wp\/v2\/media?parent=8980"}],"wp:term":[{"taxonomy":"product_brand","embeddable":true,"href":"https:\/\/aestheticmexico.click\/en\/wp-json\/wp\/v2\/product_brand?post=8980"},{"taxonomy":"product_cat","embeddable":true,"href":"https:\/\/aestheticmexico.click\/en\/wp-json\/wp\/v2\/product_cat?post=8980"},{"taxonomy":"product_tag","embeddable":true,"href":"https:\/\/aestheticmexico.click\/en\/wp-json\/wp\/v2\/product_tag?post=8980"}],"curies":[{"name":"wp","href":"https:\/\/api.w.org\/{rel}","templated":true}]}}