{"id":8971,"date":"2025-02-22T19:18:14","date_gmt":"2025-02-23T02:18:14","guid":{"rendered":"https:\/\/aestheticmexico.click\/?post_type=product&#038;p=8971"},"modified":"2025-06-28T16:13:40","modified_gmt":"2025-06-28T23:13:40","slug":"bolso-casual","status":"publish","type":"product","link":"https:\/\/aestheticmexico.click\/en\/shop\/todas-las-categorias\/mujer\/accesorios\/bolso-casual\/","title":{"rendered":"BOLSO CASUAL"},"content":{"rendered":"<p data-start=\"53\" data-end=\"90\">\u2728 <strong data-start=\"55\" data-end=\"86\">Bolso Casual Multifuncional<\/strong> \u2728<\/p>\n<p data-start=\"92\" data-end=\"464\">El complemento ideal para tu d\u00eda a d\u00eda. Este bolso casual combina estilo y funcionalidad con su dise\u00f1o espacioso y m\u00faltiples compartimentos con cierre, perfectos para organizar tus esenciales. Su material ligero y resistente te brinda comodidad, mientras que sus asas ajustables permiten llevarlo al hombro con facilidad. \u00a1Dale un toque chic y pr\u00e1ctico a tu outfit! \ud83d\udcbc\ud83d\udc96<\/p>","protected":false},"excerpt":{"rendered":"<p>\u2728 Bolso Casual Multifuncional \u2728 El complemento ideal para tu d\u00eda a d\u00eda. Este bolso casual combina estilo y funcionalidad con su dise\u00f1o espacioso y m\u00faltiples compartimentos con cierre, perfectos para organizar tus esenciales. Su material ligero y resistente te brinda comodidad, mientras que sus asas ajustables permiten llevarlo al hombro con facilidad. \u00a1Dale un [&hellip;]<\/p>\n","protected":false},"featured_media":8973,"comment_status":"open","ping_status":"closed","template":"","meta":{"_seopress_robots_primary_cat":"","_seopress_titles_title":"","_seopress_titles_desc":"","_seopress_robots_index":"","_gspb_post_css":"","content-type":""},"product_brand":[],"product_cat":[125,140,131,15,114],"product_tag":[],"class_list":{"0":"post-8971","1":"product","2":"type-product","3":"status-publish","4":"has-post-thumbnail","6":"product_cat-accesorios","7":"product_cat-accesorios-juvenil-mujer","8":"product_cat-juvenil-mujer","9":"product_cat-mujer","10":"product_cat-todas-las-categorias","12":"first","13":"instock","14":"taxable","15":"shipping-taxable","16":"purchasable","17":"product-type-variable"},"jetpack_sharing_enabled":true,"_links":{"self":[{"href":"https:\/\/aestheticmexico.click\/en\/wp-json\/wp\/v2\/product\/8971","targetHints":{"allow":["GET"]}}],"collection":[{"href":"https:\/\/aestheticmexico.click\/en\/wp-json\/wp\/v2\/product"}],"about":[{"href":"https:\/\/aestheticmexico.click\/en\/wp-json\/wp\/v2\/types\/product"}],"replies":[{"embeddable":true,"href":"https:\/\/aestheticmexico.click\/en\/wp-json\/wp\/v2\/comments?post=8971"}],"wp:featuredmedia":[{"embeddable":true,"href":"https:\/\/aestheticmexico.click\/en\/wp-json\/wp\/v2\/media\/8973"}],"wp:attachment":[{"href":"https:\/\/aestheticmexico.click\/en\/wp-json\/wp\/v2\/media?parent=8971"}],"wp:term":[{"taxonomy":"product_brand","embeddable":true,"href":"https:\/\/aestheticmexico.click\/en\/wp-json\/wp\/v2\/product_brand?post=8971"},{"taxonomy":"product_cat","embeddable":true,"href":"https:\/\/aestheticmexico.click\/en\/wp-json\/wp\/v2\/product_cat?post=8971"},{"taxonomy":"product_tag","embeddable":true,"href":"https:\/\/aestheticmexico.click\/en\/wp-json\/wp\/v2\/product_tag?post=8971"}],"curies":[{"name":"wp","href":"https:\/\/api.w.org\/{rel}","templated":true}]}}