{"id":8923,"date":"2025-02-01T15:53:32","date_gmt":"2025-02-01T22:53:32","guid":{"rendered":"https:\/\/aestheticmexico.click\/?post_type=product&#038;p=8923"},"modified":"2025-06-28T16:13:45","modified_gmt":"2025-06-28T23:13:45","slug":"bolso-elegante-con-asa-trenzada-y-monedero","status":"publish","type":"product","link":"https:\/\/aestheticmexico.click\/en\/shop\/todas-las-categorias\/mujer\/accesorios\/bolso-elegante-con-asa-trenzada-y-monedero\/","title":{"rendered":"BOLSO ELEGANTE CON ASA TRENZADA Y MONEDERO"},"content":{"rendered":"<p><strong>Bolso Elegante con Asa Trenzada y Monedero Incluido<\/strong><br \/>\nA\u00f1ade un toque de sofisticaci\u00f3n a tu outfit con este hermoso bolso en tono camel. Su dise\u00f1o minimalista con textura tipo piel y asas trenzadas le dan un estilo \u00fanico y vers\u00e1til. Perfecto para el d\u00eda a d\u00eda o para complementar un look elegante. Adem\u00e1s, incluye un pr\u00e1ctico monedero con cadena dorada para mayor comodidad. \u00a1El accesorio ideal para cualquier ocasi\u00f3n!<\/p>","protected":false},"excerpt":{"rendered":"<p>Bolso Elegante con Asa Trenzada y Monedero Incluido A\u00f1ade un toque de sofisticaci\u00f3n a tu outfit con este hermoso bolso en tono camel. Su dise\u00f1o minimalista con textura tipo piel y asas trenzadas le dan un estilo \u00fanico y vers\u00e1til. Perfecto para el d\u00eda a d\u00eda o para complementar un look elegante. Adem\u00e1s, incluye un [&hellip;]<\/p>\n","protected":false},"featured_media":8925,"comment_status":"open","ping_status":"closed","template":"","meta":{"_seopress_robots_primary_cat":"","_seopress_titles_title":"","_seopress_titles_desc":"","_seopress_robots_index":"","_gspb_post_css":"","content-type":""},"product_brand":[],"product_cat":[125,140,131,15,114],"product_tag":[],"class_list":{"0":"post-8923","1":"product","2":"type-product","3":"status-publish","4":"has-post-thumbnail","6":"product_cat-accesorios","7":"product_cat-accesorios-juvenil-mujer","8":"product_cat-juvenil-mujer","9":"product_cat-mujer","10":"product_cat-todas-las-categorias","12":"first","13":"instock","14":"taxable","15":"shipping-taxable","16":"purchasable","17":"product-type-variable"},"jetpack_sharing_enabled":true,"_links":{"self":[{"href":"https:\/\/aestheticmexico.click\/en\/wp-json\/wp\/v2\/product\/8923","targetHints":{"allow":["GET"]}}],"collection":[{"href":"https:\/\/aestheticmexico.click\/en\/wp-json\/wp\/v2\/product"}],"about":[{"href":"https:\/\/aestheticmexico.click\/en\/wp-json\/wp\/v2\/types\/product"}],"replies":[{"embeddable":true,"href":"https:\/\/aestheticmexico.click\/en\/wp-json\/wp\/v2\/comments?post=8923"}],"wp:featuredmedia":[{"embeddable":true,"href":"https:\/\/aestheticmexico.click\/en\/wp-json\/wp\/v2\/media\/8925"}],"wp:attachment":[{"href":"https:\/\/aestheticmexico.click\/en\/wp-json\/wp\/v2\/media?parent=8923"}],"wp:term":[{"taxonomy":"product_brand","embeddable":true,"href":"https:\/\/aestheticmexico.click\/en\/wp-json\/wp\/v2\/product_brand?post=8923"},{"taxonomy":"product_cat","embeddable":true,"href":"https:\/\/aestheticmexico.click\/en\/wp-json\/wp\/v2\/product_cat?post=8923"},{"taxonomy":"product_tag","embeddable":true,"href":"https:\/\/aestheticmexico.click\/en\/wp-json\/wp\/v2\/product_tag?post=8923"}],"curies":[{"name":"wp","href":"https:\/\/api.w.org\/{rel}","templated":true}]}}