{"id":8909,"date":"2025-02-01T14:10:33","date_gmt":"2025-02-01T21:10:33","guid":{"rendered":"https:\/\/aestheticmexico.click\/?post_type=product&#038;p=8909"},"modified":"2025-06-28T16:13:51","modified_gmt":"2025-06-28T23:13:51","slug":"mochila-elegante-y-funcional","status":"publish","type":"product","link":"https:\/\/aestheticmexico.click\/en\/shop\/todas-las-categorias\/mujer\/accesorios\/mochila-elegante-y-funcional\/","title":{"rendered":"MOCHILA ELEGANTE Y FUNCIONAL"},"content":{"rendered":"<h3>MOCHILA ELEGANTE Y FUNCIONAL<\/h3>\n<p>Luce incre\u00edble y lleva todo lo que necesitas con esta <strong>mochila moderna y vers\u00e1til<\/strong>. Dise\u00f1ada en un <strong>tono neutro<\/strong> que combina con cualquier outfit, cuenta con:<\/p>\n<p>\u2705 <strong>Amplio espacio interior<\/strong> para llevar tus esenciales.<br \/>\n\u2705 <strong>Bolsillos frontales con cierre<\/strong> para f\u00e1cil acceso a tus objetos.<br \/>\n\u2705 <strong>Correas ajustables y acolchonadas<\/strong> para mayor comodidad.<br \/>\n\u2705 <strong>Material resistente y ligero<\/strong>, ideal para el d\u00eda a d\u00eda.<\/p>\n<p>\u2728 Perfecta para la oficina, viajes o uso casual. \u00a1Hazla tuya hoy mismo! \u2728<\/p>","protected":false},"excerpt":{"rendered":"<p>MOCHILA ELEGANTE Y FUNCIONAL Luce incre\u00edble y lleva todo lo que necesitas con esta mochila moderna y vers\u00e1til. Dise\u00f1ada en un tono neutro que combina con cualquier outfit, cuenta con: \u2705 Amplio espacio interior para llevar tus esenciales. \u2705 Bolsillos frontales con cierre para f\u00e1cil acceso a tus objetos. \u2705 Correas ajustables y acolchonadas para [&hellip;]<\/p>\n","protected":false},"featured_media":8911,"comment_status":"open","ping_status":"closed","template":"","meta":{"_seopress_robots_primary_cat":"","_seopress_titles_title":"","_seopress_titles_desc":"","_seopress_robots_index":"","_gspb_post_css":"","content-type":""},"product_brand":[],"product_cat":[125,140,131,15,114],"product_tag":[],"class_list":{"0":"post-8909","1":"product","2":"type-product","3":"status-publish","4":"has-post-thumbnail","6":"product_cat-accesorios","7":"product_cat-accesorios-juvenil-mujer","8":"product_cat-juvenil-mujer","9":"product_cat-mujer","10":"product_cat-todas-las-categorias","12":"first","13":"instock","14":"taxable","15":"shipping-taxable","16":"purchasable","17":"product-type-variable"},"jetpack_sharing_enabled":true,"_links":{"self":[{"href":"https:\/\/aestheticmexico.click\/en\/wp-json\/wp\/v2\/product\/8909","targetHints":{"allow":["GET"]}}],"collection":[{"href":"https:\/\/aestheticmexico.click\/en\/wp-json\/wp\/v2\/product"}],"about":[{"href":"https:\/\/aestheticmexico.click\/en\/wp-json\/wp\/v2\/types\/product"}],"replies":[{"embeddable":true,"href":"https:\/\/aestheticmexico.click\/en\/wp-json\/wp\/v2\/comments?post=8909"}],"wp:featuredmedia":[{"embeddable":true,"href":"https:\/\/aestheticmexico.click\/en\/wp-json\/wp\/v2\/media\/8911"}],"wp:attachment":[{"href":"https:\/\/aestheticmexico.click\/en\/wp-json\/wp\/v2\/media?parent=8909"}],"wp:term":[{"taxonomy":"product_brand","embeddable":true,"href":"https:\/\/aestheticmexico.click\/en\/wp-json\/wp\/v2\/product_brand?post=8909"},{"taxonomy":"product_cat","embeddable":true,"href":"https:\/\/aestheticmexico.click\/en\/wp-json\/wp\/v2\/product_cat?post=8909"},{"taxonomy":"product_tag","embeddable":true,"href":"https:\/\/aestheticmexico.click\/en\/wp-json\/wp\/v2\/product_tag?post=8909"}],"curies":[{"name":"wp","href":"https:\/\/api.w.org\/{rel}","templated":true}]}}