{"id":8631,"date":"2025-01-25T17:31:27","date_gmt":"2025-01-26T00:31:27","guid":{"rendered":"https:\/\/aestheticmexico.click\/?post_type=product&#038;p=8631"},"modified":"2025-06-28T16:46:44","modified_gmt":"2025-06-28T23:46:44","slug":"conjunto-de-chaleco-y-short-de-mezclilla","status":"publish","type":"product","link":"https:\/\/aestheticmexico.click\/en\/shop\/todas-las-categorias\/mujer\/blusas\/conjunto-de-chaleco-y-short-de-mezclilla\/","title":{"rendered":"Conjunto de Chaleco y Short de Mezclilla"},"content":{"rendered":"<p><strong>Conjunto de Chaleco y Short de Mezclilla \u2013 Estilo Casual con un Toque Urbano<\/strong><\/p>\n<p>Este <strong>conjunto de chaleco y short de mezclilla<\/strong> es la combinaci\u00f3n perfecta para quienes buscan un look fresco, moderno y vers\u00e1til. Ideal para el d\u00eda a d\u00eda o para destacar en cualquier ocasi\u00f3n con un estilo desenfadado y a la moda.<\/p>\n<p><strong>Caracter\u00edsticas:<\/strong><\/p>\n<ul>\n<li><strong>Chaleco de mezclilla<\/strong> con dise\u00f1o cl\u00e1sico y detalles que realzan tu estilo.<\/li>\n<li><strong>Short de mezclilla<\/strong> con un corte favorecedor y bolsillos funcionales.<\/li>\n<li>Confeccionado en mezclilla de alta calidad, resistente y c\u00f3moda.<\/li>\n<li>Vers\u00e1til y f\u00e1cil de combinar con camisetas, blusas o tops.<\/li>\n<li>Perfecto para un look casual o para a\u00f1adir un toque chic a tu outfit.<\/li>\n<\/ul>\n<p>Luce incre\u00edble con este <strong>conjunto de chaleco y short de mezclilla<\/strong>, una opci\u00f3n ideal para expresar tu personalidad con comodidad y estilo.<\/p>","protected":false},"excerpt":{"rendered":"<p>Conjunto de Chaleco y Short de Mezclilla \u2013 Estilo Casual con un Toque Urbano Este conjunto de chaleco y short de mezclilla es la combinaci\u00f3n perfecta para quienes buscan un look fresco, moderno y vers\u00e1til. Ideal para el d\u00eda a d\u00eda o para destacar en cualquier ocasi\u00f3n con un estilo desenfadado y a la moda. [&hellip;]<\/p>\n","protected":false},"featured_media":8627,"comment_status":"open","ping_status":"closed","template":"","meta":{"_seopress_robots_primary_cat":"","_seopress_titles_title":"","_seopress_titles_desc":"","_seopress_robots_index":"","_gspb_post_css":"","content-type":""},"product_brand":[107],"product_cat":[30,146,131,15,167,32,114],"product_tag":[],"class_list":{"0":"post-8631","1":"product","2":"type-product","3":"status-publish","4":"has-post-thumbnail","6":"product_brand-aesthetic","7":"product_cat-blusas","8":"product_cat-blusas-juvenil-mujer","9":"product_cat-juvenil-mujer","10":"product_cat-mujer","11":"product_cat-shorts-juvenil-mujer","12":"product_cat-shorts","13":"product_cat-todas-las-categorias","15":"first","16":"instock","17":"sale","18":"taxable","19":"shipping-taxable","20":"purchasable","21":"product-type-variable"},"jetpack_sharing_enabled":true,"_links":{"self":[{"href":"https:\/\/aestheticmexico.click\/en\/wp-json\/wp\/v2\/product\/8631","targetHints":{"allow":["GET"]}}],"collection":[{"href":"https:\/\/aestheticmexico.click\/en\/wp-json\/wp\/v2\/product"}],"about":[{"href":"https:\/\/aestheticmexico.click\/en\/wp-json\/wp\/v2\/types\/product"}],"replies":[{"embeddable":true,"href":"https:\/\/aestheticmexico.click\/en\/wp-json\/wp\/v2\/comments?post=8631"}],"wp:featuredmedia":[{"embeddable":true,"href":"https:\/\/aestheticmexico.click\/en\/wp-json\/wp\/v2\/media\/8627"}],"wp:attachment":[{"href":"https:\/\/aestheticmexico.click\/en\/wp-json\/wp\/v2\/media?parent=8631"}],"wp:term":[{"taxonomy":"product_brand","embeddable":true,"href":"https:\/\/aestheticmexico.click\/en\/wp-json\/wp\/v2\/product_brand?post=8631"},{"taxonomy":"product_cat","embeddable":true,"href":"https:\/\/aestheticmexico.click\/en\/wp-json\/wp\/v2\/product_cat?post=8631"},{"taxonomy":"product_tag","embeddable":true,"href":"https:\/\/aestheticmexico.click\/en\/wp-json\/wp\/v2\/product_tag?post=8631"}],"curies":[{"name":"wp","href":"https:\/\/api.w.org\/{rel}","templated":true}]}}