{"id":8422,"date":"2024-12-29T01:58:13","date_gmt":"2024-12-29T08:58:13","guid":{"rendered":"https:\/\/aestheticmexico.click\/?post_type=product&#038;p=8422"},"modified":"2025-06-28T18:54:16","modified_gmt":"2025-06-29T01:54:16","slug":"playera-de-rock-7","status":"publish","type":"product","link":"https:\/\/aestheticmexico.click\/en\/shop\/todas-las-categorias\/hombre\/playeras-hombre\/playera-de-rock-7\/","title":{"rendered":"PLAYERA DE ROCK 7"},"content":{"rendered":"<p><strong>&#8220;Actitud y estilo en cada detalle&#8221;<\/strong><br \/>\nLa <strong>Playera de Rock<\/strong> es m\u00e1s que una prenda, es una declaraci\u00f3n de personalidad. Con un dise\u00f1o audaz y aut\u00e9ntico, es ideal para los amantes de la m\u00fasica y la moda alternativa. \u00a1Lleva el esp\u00edritu rebelde del rock contigo a donde vayas y destaca con esta playera \u00fanica! \ud83c\udfb8\ud83d\udc55\u2728<\/p>","protected":false},"excerpt":{"rendered":"<p>&#8220;Actitud y estilo en cada detalle&#8221; La Playera de Rock es m\u00e1s que una prenda, es una declaraci\u00f3n de personalidad. Con un dise\u00f1o audaz y aut\u00e9ntico, es ideal para los amantes de la m\u00fasica y la moda alternativa. \u00a1Lleva el esp\u00edritu rebelde del rock contigo a donde vayas y destaca con esta playera \u00fanica! \ud83c\udfb8\ud83d\udc55\u2728<\/p>","protected":false},"featured_media":904,"comment_status":"open","ping_status":"closed","template":"","meta":{"_seopress_robots_primary_cat":"","_seopress_titles_title":"","_seopress_titles_desc":"","_seopress_robots_index":"","_gspb_post_css":"","content-type":""},"product_brand":[107],"product_cat":[130,132,131,15,128,129,137,138,139,34,135,136,114],"product_tag":[],"class_list":{"0":"post-8422","1":"product","2":"type-product","3":"status-publish","4":"has-post-thumbnail","6":"product_brand-aesthetic","7":"product_cat-hombre","8":"product_cat-juvenil-hombre","9":"product_cat-juvenil-mujer","10":"product_cat-mujer","11":"product_cat-nina","12":"product_cat-nino","13":"product_cat-playeras-hombre","14":"product_cat-playeras-juvenil-hombre","15":"product_cat-playeras-nino","16":"product_cat-playeras","17":"product_cat-playeras-nina","18":"product_cat-playeras-juvenil-mujer","19":"product_cat-todas-las-categorias","21":"first","22":"instock","23":"taxable","24":"shipping-taxable","25":"purchasable","26":"product-type-variable"},"jetpack_sharing_enabled":true,"_links":{"self":[{"href":"https:\/\/aestheticmexico.click\/en\/wp-json\/wp\/v2\/product\/8422","targetHints":{"allow":["GET"]}}],"collection":[{"href":"https:\/\/aestheticmexico.click\/en\/wp-json\/wp\/v2\/product"}],"about":[{"href":"https:\/\/aestheticmexico.click\/en\/wp-json\/wp\/v2\/types\/product"}],"replies":[{"embeddable":true,"href":"https:\/\/aestheticmexico.click\/en\/wp-json\/wp\/v2\/comments?post=8422"}],"wp:featuredmedia":[{"embeddable":true,"href":"https:\/\/aestheticmexico.click\/en\/wp-json\/wp\/v2\/media\/904"}],"wp:attachment":[{"href":"https:\/\/aestheticmexico.click\/en\/wp-json\/wp\/v2\/media?parent=8422"}],"wp:term":[{"taxonomy":"product_brand","embeddable":true,"href":"https:\/\/aestheticmexico.click\/en\/wp-json\/wp\/v2\/product_brand?post=8422"},{"taxonomy":"product_cat","embeddable":true,"href":"https:\/\/aestheticmexico.click\/en\/wp-json\/wp\/v2\/product_cat?post=8422"},{"taxonomy":"product_tag","embeddable":true,"href":"https:\/\/aestheticmexico.click\/en\/wp-json\/wp\/v2\/product_tag?post=8422"}],"curies":[{"name":"wp","href":"https:\/\/api.w.org\/{rel}","templated":true}]}}