{"id":8396,"date":"2024-12-28T15:56:15","date_gmt":"2024-12-28T22:56:15","guid":{"rendered":"https:\/\/aestheticmexico.click\/?post_type=product&#038;p=8396"},"modified":"2025-06-28T18:55:28","modified_gmt":"2025-06-29T01:55:28","slug":"playera-urbana-97","status":"publish","type":"product","link":"https:\/\/aestheticmexico.click\/en\/shop\/todas-las-categorias\/juvenil-hombre\/playeras-juvenil-hombre\/playera-urbana-97\/","title":{"rendered":"PLAYERA URBANA 97"},"content":{"rendered":"<div class=\"flex-shrink-0 flex flex-col relative items-end\">\n<div>\n<div class=\"pt-0\">\n<div class=\"gizmo-bot-avatar flex h-8 w-8 items-center justify-center overflow-hidden rounded-full\">\n<div class=\"relative p-1 rounded-sm flex items-center justify-center bg-token-main-surface-primary text-token-text-primary h-8 w-8\"><\/div>\n<\/div>\n<\/div>\n<\/div>\n<\/div>\n<div class=\"group\/conversation-turn relative flex w-full min-w-0 flex-col agent-turn\">\n<div class=\"flex-col gap-1 md:gap-3\">\n<div class=\"flex max-w-full flex-col flex-grow\">\n<div class=\"min-h-8 text-message flex w-full flex-col items-end gap-2 whitespace-normal break-words text-start [.text-message+&amp;]:mt-5\" dir=\"auto\" data-message-author-role=\"assistant\" data-message-id=\"aa6531eb-45d5-47c6-bb36-e851b39d6e2b\" data-message-model-slug=\"gpt-4o\">\n<div class=\"flex w-full flex-col gap-1 empty:hidden first:pt-[3px]\">\n<div class=\"markdown prose w-full break-words dark:prose-invert light\">\n<p><strong>&#8220;El toque casual que marca tendencia&#8221;<\/strong><br \/>\nNuestra <strong>Playera Urbana<\/strong> es perfecta para quienes buscan un estilo relajado pero con actitud. Con un dise\u00f1o moderno y c\u00f3modo, es ideal para tus d\u00edas m\u00e1s activos o para combinar con tus outfits favoritos. \u00a1Lleva la esencia de la moda urbana contigo a donde vayas! \ud83d\udc55\u2728<\/p>\n<\/div>\n<\/div>\n<\/div>\n<\/div>\n<\/div>\n<\/div>\n","protected":false},"excerpt":{"rendered":"<p>&#8220;El toque casual que marca tendencia&#8221; Nuestra Playera Urbana es perfecta para quienes buscan un estilo relajado pero con actitud. Con un dise\u00f1o moderno y c\u00f3modo, es ideal para tus d\u00edas m\u00e1s activos o para combinar con tus outfits favoritos. \u00a1Lleva la esencia de la moda urbana contigo a donde vayas! \ud83d\udc55\u2728<\/p>","protected":false},"featured_media":916,"comment_status":"open","ping_status":"closed","template":"","meta":{"_seopress_robots_primary_cat":"","_seopress_titles_title":"","_seopress_titles_desc":"","_seopress_robots_index":"","_gspb_post_css":"","content-type":""},"product_brand":[107],"product_cat":[130,132,131,15,128,129,138,139,34,135,136,114],"product_tag":[],"class_list":{"0":"post-8396","1":"product","2":"type-product","3":"status-publish","4":"has-post-thumbnail","6":"product_brand-aesthetic","7":"product_cat-hombre","8":"product_cat-juvenil-hombre","9":"product_cat-juvenil-mujer","10":"product_cat-mujer","11":"product_cat-nina","12":"product_cat-nino","13":"product_cat-playeras-juvenil-hombre","14":"product_cat-playeras-nino","15":"product_cat-playeras","16":"product_cat-playeras-nina","17":"product_cat-playeras-juvenil-mujer","18":"product_cat-todas-las-categorias","20":"first","21":"instock","22":"taxable","23":"shipping-taxable","24":"purchasable","25":"product-type-variable"},"jetpack_sharing_enabled":true,"_links":{"self":[{"href":"https:\/\/aestheticmexico.click\/en\/wp-json\/wp\/v2\/product\/8396","targetHints":{"allow":["GET"]}}],"collection":[{"href":"https:\/\/aestheticmexico.click\/en\/wp-json\/wp\/v2\/product"}],"about":[{"href":"https:\/\/aestheticmexico.click\/en\/wp-json\/wp\/v2\/types\/product"}],"replies":[{"embeddable":true,"href":"https:\/\/aestheticmexico.click\/en\/wp-json\/wp\/v2\/comments?post=8396"}],"wp:featuredmedia":[{"embeddable":true,"href":"https:\/\/aestheticmexico.click\/en\/wp-json\/wp\/v2\/media\/916"}],"wp:attachment":[{"href":"https:\/\/aestheticmexico.click\/en\/wp-json\/wp\/v2\/media?parent=8396"}],"wp:term":[{"taxonomy":"product_brand","embeddable":true,"href":"https:\/\/aestheticmexico.click\/en\/wp-json\/wp\/v2\/product_brand?post=8396"},{"taxonomy":"product_cat","embeddable":true,"href":"https:\/\/aestheticmexico.click\/en\/wp-json\/wp\/v2\/product_cat?post=8396"},{"taxonomy":"product_tag","embeddable":true,"href":"https:\/\/aestheticmexico.click\/en\/wp-json\/wp\/v2\/product_tag?post=8396"}],"curies":[{"name":"wp","href":"https:\/\/api.w.org\/{rel}","templated":true}]}}