{"id":8377,"date":"2024-12-28T02:25:50","date_gmt":"2024-12-28T09:25:50","guid":{"rendered":"https:\/\/aestheticmexico.click\/?post_type=product&#038;p=8377"},"modified":"2025-06-28T17:46:39","modified_gmt":"2025-06-29T00:46:39","slug":"tenis-deportivos","status":"publish","type":"product","link":"https:\/\/aestheticmexico.click\/en\/shop\/todas-las-categorias\/juvenil-mujer\/calzado-juvenil-mujer\/tenis-deportivos\/","title":{"rendered":"TENIS DEPORTIVOS"},"content":{"rendered":"<p><strong>&#8220;Energ\u00eda y estilo en cada paso&#8221;<\/strong><br \/>\nNuestros <strong>Tenis Deportivos<\/strong> est\u00e1n dise\u00f1ados para brindarte el m\u00e1ximo confort y rendimiento, ya sea para entrenar, correr o simplemente disfrutar de un d\u00eda activo. Con un dise\u00f1o moderno y materiales de alta calidad, estos tenis combinan funcionalidad con estilo. \u00a1Impulsa tu energ\u00eda y luce incre\u00edble mientras alcanzas tus metas! \ud83d\udc5f\u2728<\/p>","protected":false},"excerpt":{"rendered":"<p>&#8220;Energ\u00eda y estilo en cada paso&#8221; Nuestros Tenis Deportivos est\u00e1n dise\u00f1ados para brindarte el m\u00e1ximo confort y rendimiento, ya sea para entrenar, correr o simplemente disfrutar de un d\u00eda activo. Con un dise\u00f1o moderno y materiales de alta calidad, estos tenis combinan funcionalidad con estilo. \u00a1Impulsa tu energ\u00eda y luce incre\u00edble mientras alcanzas tus metas! [&hellip;]<\/p>\n","protected":false},"featured_media":1359,"comment_status":"open","ping_status":"closed","template":"","meta":{"_seopress_robots_primary_cat":"","_seopress_titles_title":"","_seopress_titles_desc":"","_seopress_robots_index":"","_gspb_post_css":"","content-type":""},"product_brand":[],"product_cat":[150,124,131,15,114],"product_tag":[],"class_list":{"0":"post-8377","1":"product","2":"type-product","3":"status-publish","4":"has-post-thumbnail","6":"product_cat-calzado-juvenil-mujer","7":"product_cat-calzado","8":"product_cat-juvenil-mujer","9":"product_cat-mujer","10":"product_cat-todas-las-categorias","12":"first","13":"instock","14":"taxable","15":"shipping-taxable","16":"purchasable","17":"product-type-variable"},"jetpack_sharing_enabled":true,"_links":{"self":[{"href":"https:\/\/aestheticmexico.click\/en\/wp-json\/wp\/v2\/product\/8377","targetHints":{"allow":["GET"]}}],"collection":[{"href":"https:\/\/aestheticmexico.click\/en\/wp-json\/wp\/v2\/product"}],"about":[{"href":"https:\/\/aestheticmexico.click\/en\/wp-json\/wp\/v2\/types\/product"}],"replies":[{"embeddable":true,"href":"https:\/\/aestheticmexico.click\/en\/wp-json\/wp\/v2\/comments?post=8377"}],"wp:featuredmedia":[{"embeddable":true,"href":"https:\/\/aestheticmexico.click\/en\/wp-json\/wp\/v2\/media\/1359"}],"wp:attachment":[{"href":"https:\/\/aestheticmexico.click\/en\/wp-json\/wp\/v2\/media?parent=8377"}],"wp:term":[{"taxonomy":"product_brand","embeddable":true,"href":"https:\/\/aestheticmexico.click\/en\/wp-json\/wp\/v2\/product_brand?post=8377"},{"taxonomy":"product_cat","embeddable":true,"href":"https:\/\/aestheticmexico.click\/en\/wp-json\/wp\/v2\/product_cat?post=8377"},{"taxonomy":"product_tag","embeddable":true,"href":"https:\/\/aestheticmexico.click\/en\/wp-json\/wp\/v2\/product_tag?post=8377"}],"curies":[{"name":"wp","href":"https:\/\/api.w.org\/{rel}","templated":true}]}}