{"id":8371,"date":"2024-12-28T02:14:00","date_gmt":"2024-12-28T09:14:00","guid":{"rendered":"https:\/\/aestheticmexico.click\/?post_type=product&#038;p=8371"},"modified":"2025-06-28T17:46:40","modified_gmt":"2025-06-29T00:46:40","slug":"zapato-de-tacon-para-dama","status":"publish","type":"product","link":"https:\/\/aestheticmexico.click\/en\/shop\/todas-las-categorias\/mujer\/calzado\/zapato-de-tacon-para-dama\/","title":{"rendered":"ZAPATO DE TACON PARA DAMA"},"content":{"rendered":"<p><strong>&#8220;Elegancia que eleva tu estilo&#8221;<\/strong><br \/>\nEl <strong>Zapato de Tac\u00f3n para Dama<\/strong> es el complemento perfecto para realzar cualquier look. Su dise\u00f1o sofisticado y c\u00f3modo te brinda la confianza que necesitas para destacar en cualquier ocasi\u00f3n, desde eventos formales hasta salidas casuales. \u00a1Camina con seguridad y deslumbra con cada paso! \ud83d\udc60\u2728<\/p>","protected":false},"excerpt":{"rendered":"<p>&#8220;Elegancia que eleva tu estilo&#8221; El Zapato de Tac\u00f3n para Dama es el complemento perfecto para realzar cualquier look. Su dise\u00f1o sofisticado y c\u00f3modo te brinda la confianza que necesitas para destacar en cualquier ocasi\u00f3n, desde eventos formales hasta salidas casuales. \u00a1Camina con seguridad y deslumbra con cada paso! \ud83d\udc60\u2728<\/p>","protected":false},"featured_media":1355,"comment_status":"open","ping_status":"closed","template":"","meta":{"_seopress_robots_primary_cat":"","_seopress_titles_title":"","_seopress_titles_desc":"","_seopress_robots_index":"","_seopress_analysis_target_kw":"","_gspb_post_css":"","content-type":""},"product_brand":[],"product_cat":[124,150,131,15,114],"product_tag":[],"class_list":{"0":"post-8371","1":"product","2":"type-product","3":"status-publish","4":"has-post-thumbnail","6":"product_cat-calzado","7":"product_cat-calzado-juvenil-mujer","8":"product_cat-juvenil-mujer","9":"product_cat-mujer","10":"product_cat-todas-las-categorias","12":"first","13":"instock","14":"taxable","15":"shipping-taxable","16":"purchasable","17":"product-type-variable"},"jetpack_sharing_enabled":true,"_links":{"self":[{"href":"https:\/\/aestheticmexico.click\/en\/wp-json\/wp\/v2\/product\/8371","targetHints":{"allow":["GET"]}}],"collection":[{"href":"https:\/\/aestheticmexico.click\/en\/wp-json\/wp\/v2\/product"}],"about":[{"href":"https:\/\/aestheticmexico.click\/en\/wp-json\/wp\/v2\/types\/product"}],"replies":[{"embeddable":true,"href":"https:\/\/aestheticmexico.click\/en\/wp-json\/wp\/v2\/comments?post=8371"}],"wp:featuredmedia":[{"embeddable":true,"href":"https:\/\/aestheticmexico.click\/en\/wp-json\/wp\/v2\/media\/1355"}],"wp:attachment":[{"href":"https:\/\/aestheticmexico.click\/en\/wp-json\/wp\/v2\/media?parent=8371"}],"wp:term":[{"taxonomy":"product_brand","embeddable":true,"href":"https:\/\/aestheticmexico.click\/en\/wp-json\/wp\/v2\/product_brand?post=8371"},{"taxonomy":"product_cat","embeddable":true,"href":"https:\/\/aestheticmexico.click\/en\/wp-json\/wp\/v2\/product_cat?post=8371"},{"taxonomy":"product_tag","embeddable":true,"href":"https:\/\/aestheticmexico.click\/en\/wp-json\/wp\/v2\/product_tag?post=8371"}],"curies":[{"name":"wp","href":"https:\/\/api.w.org\/{rel}","templated":true}]}}