{"id":8369,"date":"2024-12-28T02:10:47","date_gmt":"2024-12-28T09:10:47","guid":{"rendered":"https:\/\/aestheticmexico.click\/?post_type=product&#038;p=8369"},"modified":"2025-06-28T17:46:41","modified_gmt":"2025-06-29T00:46:41","slug":"sandalias-de-cuna","status":"publish","type":"product","link":"https:\/\/aestheticmexico.click\/en\/shop\/todas-las-categorias\/mujer\/calzado\/sandalias-de-cuna\/","title":{"rendered":"SANDALIAS DE CU\u00d1A"},"content":{"rendered":"<p><strong>&#8220;Altura y estilo sin renunciar a la comodidad&#8221;<\/strong><br \/>\nNuestras <strong>Sandalias de Cu\u00f1a<\/strong> son perfectas para lucir elegante y sentirte c\u00f3moda todo el d\u00eda. Su dise\u00f1o estilizado y suela de cu\u00f1a ofrecen el equilibrio ideal entre altura y soporte, mientras que sus acabados modernos complementan cualquier outfit. \u00a1Eleva tu estilo con estas sandalias imprescindibles! \ud83d\udc61\u2728<\/p>","protected":false},"excerpt":{"rendered":"<p>&#8220;Altura y estilo sin renunciar a la comodidad&#8221; Nuestras Sandalias de Cu\u00f1a son perfectas para lucir elegante y sentirte c\u00f3moda todo el d\u00eda. Su dise\u00f1o estilizado y suela de cu\u00f1a ofrecen el equilibrio ideal entre altura y soporte, mientras que sus acabados modernos complementan cualquier outfit. \u00a1Eleva tu estilo con estas sandalias imprescindibles! \ud83d\udc61\u2728<\/p>","protected":false},"featured_media":1354,"comment_status":"open","ping_status":"closed","template":"","meta":{"_seopress_robots_primary_cat":"","_seopress_titles_title":"","_seopress_titles_desc":"","_seopress_robots_index":"","_seopress_analysis_target_kw":"","_gspb_post_css":"","content-type":""},"product_brand":[],"product_cat":[124,150,131,15,114],"product_tag":[],"class_list":{"0":"post-8369","1":"product","2":"type-product","3":"status-publish","4":"has-post-thumbnail","6":"product_cat-calzado","7":"product_cat-calzado-juvenil-mujer","8":"product_cat-juvenil-mujer","9":"product_cat-mujer","10":"product_cat-todas-las-categorias","12":"first","13":"instock","14":"taxable","15":"shipping-taxable","16":"purchasable","17":"product-type-variable"},"jetpack_sharing_enabled":true,"_links":{"self":[{"href":"https:\/\/aestheticmexico.click\/en\/wp-json\/wp\/v2\/product\/8369","targetHints":{"allow":["GET"]}}],"collection":[{"href":"https:\/\/aestheticmexico.click\/en\/wp-json\/wp\/v2\/product"}],"about":[{"href":"https:\/\/aestheticmexico.click\/en\/wp-json\/wp\/v2\/types\/product"}],"replies":[{"embeddable":true,"href":"https:\/\/aestheticmexico.click\/en\/wp-json\/wp\/v2\/comments?post=8369"}],"wp:featuredmedia":[{"embeddable":true,"href":"https:\/\/aestheticmexico.click\/en\/wp-json\/wp\/v2\/media\/1354"}],"wp:attachment":[{"href":"https:\/\/aestheticmexico.click\/en\/wp-json\/wp\/v2\/media?parent=8369"}],"wp:term":[{"taxonomy":"product_brand","embeddable":true,"href":"https:\/\/aestheticmexico.click\/en\/wp-json\/wp\/v2\/product_brand?post=8369"},{"taxonomy":"product_cat","embeddable":true,"href":"https:\/\/aestheticmexico.click\/en\/wp-json\/wp\/v2\/product_cat?post=8369"},{"taxonomy":"product_tag","embeddable":true,"href":"https:\/\/aestheticmexico.click\/en\/wp-json\/wp\/v2\/product_tag?post=8369"}],"curies":[{"name":"wp","href":"https:\/\/api.w.org\/{rel}","templated":true}]}}