{"id":8362,"date":"2024-12-27T22:21:21","date_gmt":"2024-12-28T05:21:21","guid":{"rendered":"https:\/\/aestheticmexico.click\/?post_type=product&#038;p=8362"},"modified":"2025-06-28T17:46:41","modified_gmt":"2025-06-29T00:46:41","slug":"botines-de-cuero-3","status":"publish","type":"product","link":"https:\/\/aestheticmexico.click\/en\/shop\/todas-las-categorias\/juvenil-mujer\/calzado-juvenil-mujer\/botines-de-cuero-3\/","title":{"rendered":"BOTINES DE CUERO"},"content":{"rendered":"<p><strong>&#8220;Elegancia atemporal y comodidad en cada paso&#8221;<\/strong><br \/>\nNuestros <strong>Botines de Cuero<\/strong> son la combinaci\u00f3n perfecta de estilo y durabilidad. Hechos con cuero de alta calidad, estos botines ofrecen una sensaci\u00f3n de confort todo el d\u00eda, mientras que su dise\u00f1o sofisticado y vers\u00e1til se adapta a cualquier ocasi\u00f3n. \u00a1Perfectos para darle un toque de distinci\u00f3n a tu look! \ud83d\udc62\u2728<\/p>","protected":false},"excerpt":{"rendered":"<p>&#8220;Elegancia atemporal y comodidad en cada paso&#8221; Nuestros Botines de Cuero son la combinaci\u00f3n perfecta de estilo y durabilidad. Hechos con cuero de alta calidad, estos botines ofrecen una sensaci\u00f3n de confort todo el d\u00eda, mientras que su dise\u00f1o sofisticado y vers\u00e1til se adapta a cualquier ocasi\u00f3n. \u00a1Perfectos para darle un toque de distinci\u00f3n a [&hellip;]<\/p>\n","protected":false},"featured_media":1351,"comment_status":"open","ping_status":"closed","template":"","meta":{"_seopress_robots_primary_cat":"","_seopress_titles_title":"","_seopress_titles_desc":"","_seopress_robots_index":"","_seopress_analysis_target_kw":"","_gspb_post_css":"","content-type":""},"product_brand":[],"product_cat":[150,124,131,15,114],"product_tag":[],"class_list":{"0":"post-8362","1":"product","2":"type-product","3":"status-publish","4":"has-post-thumbnail","6":"product_cat-calzado-juvenil-mujer","7":"product_cat-calzado","8":"product_cat-juvenil-mujer","9":"product_cat-mujer","10":"product_cat-todas-las-categorias","12":"first","13":"instock","14":"taxable","15":"shipping-taxable","16":"purchasable","17":"product-type-variable"},"jetpack_sharing_enabled":true,"_links":{"self":[{"href":"https:\/\/aestheticmexico.click\/en\/wp-json\/wp\/v2\/product\/8362","targetHints":{"allow":["GET"]}}],"collection":[{"href":"https:\/\/aestheticmexico.click\/en\/wp-json\/wp\/v2\/product"}],"about":[{"href":"https:\/\/aestheticmexico.click\/en\/wp-json\/wp\/v2\/types\/product"}],"replies":[{"embeddable":true,"href":"https:\/\/aestheticmexico.click\/en\/wp-json\/wp\/v2\/comments?post=8362"}],"wp:featuredmedia":[{"embeddable":true,"href":"https:\/\/aestheticmexico.click\/en\/wp-json\/wp\/v2\/media\/1351"}],"wp:attachment":[{"href":"https:\/\/aestheticmexico.click\/en\/wp-json\/wp\/v2\/media?parent=8362"}],"wp:term":[{"taxonomy":"product_brand","embeddable":true,"href":"https:\/\/aestheticmexico.click\/en\/wp-json\/wp\/v2\/product_brand?post=8362"},{"taxonomy":"product_cat","embeddable":true,"href":"https:\/\/aestheticmexico.click\/en\/wp-json\/wp\/v2\/product_cat?post=8362"},{"taxonomy":"product_tag","embeddable":true,"href":"https:\/\/aestheticmexico.click\/en\/wp-json\/wp\/v2\/product_tag?post=8362"}],"curies":[{"name":"wp","href":"https:\/\/api.w.org\/{rel}","templated":true}]}}