{"id":8356,"date":"2024-12-27T22:13:21","date_gmt":"2024-12-28T05:13:21","guid":{"rendered":"https:\/\/aestheticmexico.click\/?post_type=product&#038;p=8356"},"modified":"2025-06-28T17:46:43","modified_gmt":"2025-06-29T00:46:43","slug":"botin-de-piel-para-mujer","status":"publish","type":"product","link":"https:\/\/aestheticmexico.click\/en\/shop\/todas-las-categorias\/juvenil-mujer\/calzado-juvenil-mujer\/botin-de-piel-para-mujer\/","title":{"rendered":"BOTIN DE PIEL PARA MUJER"},"content":{"rendered":"<p><strong>&#8220;Autenticidad y elegancia en cada paso&#8221;<\/strong><br \/>\nNuestros <strong>Botines de Piel para Mujer<\/strong> son la mezcla perfecta de sofisticaci\u00f3n y confort. Hechos con materiales de alta calidad, estos botines ofrecen un ajuste perfecto y un dise\u00f1o que resalta tu estilo \u00fanico. Ya sea para un d\u00eda de trabajo o una salida especial, estos botines se adaptan a tu ritmo y te brindan elegancia en cada paso. \u00a1Hazlos tuyos y destaca con actitud! \ud83d\udc62\u2728<\/p>","protected":false},"excerpt":{"rendered":"<p>&#8220;Autenticidad y elegancia en cada paso&#8221; Nuestros Botines de Piel para Mujer son la mezcla perfecta de sofisticaci\u00f3n y confort. Hechos con materiales de alta calidad, estos botines ofrecen un ajuste perfecto y un dise\u00f1o que resalta tu estilo \u00fanico. Ya sea para un d\u00eda de trabajo o una salida especial, estos botines se adaptan [&hellip;]<\/p>\n","protected":false},"featured_media":1348,"comment_status":"open","ping_status":"closed","template":"","meta":{"_seopress_robots_primary_cat":"","_seopress_titles_title":"","_seopress_titles_desc":"","_seopress_robots_index":"","_seopress_analysis_target_kw":"","_gspb_post_css":"","content-type":""},"product_brand":[],"product_cat":[150,124,131,15,114],"product_tag":[],"class_list":{"0":"post-8356","1":"product","2":"type-product","3":"status-publish","4":"has-post-thumbnail","6":"product_cat-calzado-juvenil-mujer","7":"product_cat-calzado","8":"product_cat-juvenil-mujer","9":"product_cat-mujer","10":"product_cat-todas-las-categorias","12":"first","13":"instock","14":"taxable","15":"shipping-taxable","16":"purchasable","17":"product-type-variable"},"jetpack_sharing_enabled":true,"_links":{"self":[{"href":"https:\/\/aestheticmexico.click\/en\/wp-json\/wp\/v2\/product\/8356","targetHints":{"allow":["GET"]}}],"collection":[{"href":"https:\/\/aestheticmexico.click\/en\/wp-json\/wp\/v2\/product"}],"about":[{"href":"https:\/\/aestheticmexico.click\/en\/wp-json\/wp\/v2\/types\/product"}],"replies":[{"embeddable":true,"href":"https:\/\/aestheticmexico.click\/en\/wp-json\/wp\/v2\/comments?post=8356"}],"wp:featuredmedia":[{"embeddable":true,"href":"https:\/\/aestheticmexico.click\/en\/wp-json\/wp\/v2\/media\/1348"}],"wp:attachment":[{"href":"https:\/\/aestheticmexico.click\/en\/wp-json\/wp\/v2\/media?parent=8356"}],"wp:term":[{"taxonomy":"product_brand","embeddable":true,"href":"https:\/\/aestheticmexico.click\/en\/wp-json\/wp\/v2\/product_brand?post=8356"},{"taxonomy":"product_cat","embeddable":true,"href":"https:\/\/aestheticmexico.click\/en\/wp-json\/wp\/v2\/product_cat?post=8356"},{"taxonomy":"product_tag","embeddable":true,"href":"https:\/\/aestheticmexico.click\/en\/wp-json\/wp\/v2\/product_tag?post=8356"}],"curies":[{"name":"wp","href":"https:\/\/api.w.org\/{rel}","templated":true}]}}