{"id":8332,"date":"2024-12-27T20:50:06","date_gmt":"2024-12-28T03:50:06","guid":{"rendered":"https:\/\/aestheticmexico.click\/product\/tenis-diseo-con-cadena\/"},"modified":"2025-06-28T17:46:45","modified_gmt":"2025-06-29T00:46:45","slug":"tenis-diseo-con-cadena","status":"publish","type":"product","link":"https:\/\/aestheticmexico.click\/en\/shop\/todas-las-categorias\/mujer\/calzado\/tenis-diseo-con-cadena\/","title":{"rendered":"TENIS DISE\u00d1O CON CADENA"},"content":{"rendered":"<p><strong>&#8220;Actitud y estilo en cada paso&#8221;<\/strong><br \/>\nNuestros <strong>Tenis con Dise\u00f1o de Cadena<\/strong> son la declaraci\u00f3n de moda que estabas buscando. Con un toque audaz y moderno, la cadena le da a estos tenis un look \u00fanico y lleno de personalidad. Perfectos para quienes buscan destacarse, combinar\u00e1n con cualquier outfit, aportando ese toque de originalidad y actitud. \u00a1Haz que tu estilo brille con fuerza! \ud83d\udd17\ud83d\udc5f\u2728<\/p>","protected":false},"excerpt":{"rendered":"<p>&#8220;Actitud y estilo en cada paso&#8221; Nuestros Tenis con Dise\u00f1o de Cadena son la declaraci\u00f3n de moda que estabas buscando. Con un toque audaz y moderno, la cadena le da a estos tenis un look \u00fanico y lleno de personalidad. Perfectos para quienes buscan destacarse, combinar\u00e1n con cualquier outfit, aportando ese toque de originalidad y [&hellip;]<\/p>\n","protected":false},"featured_media":1345,"comment_status":"open","ping_status":"closed","template":"","meta":{"_seopress_robots_primary_cat":"","_seopress_titles_title":"","_seopress_titles_desc":"","_seopress_robots_index":"","_seopress_analysis_target_kw":"","_gspb_post_css":"","content-type":""},"product_brand":[],"product_cat":[124,150,131,15,114],"product_tag":[],"class_list":{"0":"post-8332","1":"product","2":"type-product","3":"status-publish","4":"has-post-thumbnail","6":"product_cat-calzado","7":"product_cat-calzado-juvenil-mujer","8":"product_cat-juvenil-mujer","9":"product_cat-mujer","10":"product_cat-todas-las-categorias","12":"first","13":"instock","14":"taxable","15":"shipping-taxable","16":"purchasable","17":"product-type-variable"},"jetpack_sharing_enabled":true,"_links":{"self":[{"href":"https:\/\/aestheticmexico.click\/en\/wp-json\/wp\/v2\/product\/8332","targetHints":{"allow":["GET"]}}],"collection":[{"href":"https:\/\/aestheticmexico.click\/en\/wp-json\/wp\/v2\/product"}],"about":[{"href":"https:\/\/aestheticmexico.click\/en\/wp-json\/wp\/v2\/types\/product"}],"replies":[{"embeddable":true,"href":"https:\/\/aestheticmexico.click\/en\/wp-json\/wp\/v2\/comments?post=8332"}],"wp:featuredmedia":[{"embeddable":true,"href":"https:\/\/aestheticmexico.click\/en\/wp-json\/wp\/v2\/media\/1345"}],"wp:attachment":[{"href":"https:\/\/aestheticmexico.click\/en\/wp-json\/wp\/v2\/media?parent=8332"}],"wp:term":[{"taxonomy":"product_brand","embeddable":true,"href":"https:\/\/aestheticmexico.click\/en\/wp-json\/wp\/v2\/product_brand?post=8332"},{"taxonomy":"product_cat","embeddable":true,"href":"https:\/\/aestheticmexico.click\/en\/wp-json\/wp\/v2\/product_cat?post=8332"},{"taxonomy":"product_tag","embeddable":true,"href":"https:\/\/aestheticmexico.click\/en\/wp-json\/wp\/v2\/product_tag?post=8332"}],"curies":[{"name":"wp","href":"https:\/\/api.w.org\/{rel}","templated":true}]}}