{"id":8330,"date":"2024-12-27T20:50:06","date_gmt":"2024-12-28T03:50:06","guid":{"rendered":"https:\/\/aestheticmexico.click\/product\/vestido-strapless\/"},"modified":"2025-06-28T17:18:47","modified_gmt":"2025-06-29T00:18:47","slug":"vestido-strapless","status":"publish","type":"product","link":"https:\/\/aestheticmexico.click\/en\/shop\/todas-las-categorias\/juvenil-mujer\/vestidos-juvenil-mujer\/vestido-strapless\/","title":{"rendered":"VESTIDO STRAPLESS"},"content":{"rendered":"<p><strong>&#8220;Sensualidad y elegancia al alcance de tu estilo&#8221;<\/strong><br \/>\nEl <strong>Vestido Strapless<\/strong> es la opci\u00f3n perfecta para una ocasi\u00f3n especial o una salida nocturna. Su dise\u00f1o sin tirantes resalta tu figura de manera elegante y femenina, mientras que su corte moderno te permite lucir espectacular en todo momento. \u00a1Destaca con confianza y elegancia! \ud83d\udc57\u2728<\/p>","protected":false},"excerpt":{"rendered":"<p>&#8220;Sensualidad y elegancia al alcance de tu estilo&#8221; El Vestido Strapless es la opci\u00f3n perfecta para una ocasi\u00f3n especial o una salida nocturna. Su dise\u00f1o sin tirantes resalta tu figura de manera elegante y femenina, mientras que su corte moderno te permite lucir espectacular en todo momento. \u00a1Destaca con confianza y elegancia! \ud83d\udc57\u2728<\/p>","protected":false},"featured_media":1343,"comment_status":"open","ping_status":"closed","template":"","meta":{"_seopress_robots_primary_cat":"","_seopress_titles_title":"","_seopress_titles_desc":"","_seopress_robots_index":"","_seopress_analysis_target_kw":"","_gspb_post_css":"","content-type":""},"product_brand":[],"product_cat":[131,15,114,170,27],"product_tag":[],"class_list":{"0":"post-8330","1":"product","2":"type-product","3":"status-publish","4":"has-post-thumbnail","6":"product_cat-juvenil-mujer","7":"product_cat-mujer","8":"product_cat-todas-las-categorias","9":"product_cat-vestidos-juvenil-mujer","10":"product_cat-vestidos","12":"first","13":"instock","14":"taxable","15":"shipping-taxable","16":"purchasable","17":"product-type-variable"},"jetpack_sharing_enabled":true,"_links":{"self":[{"href":"https:\/\/aestheticmexico.click\/en\/wp-json\/wp\/v2\/product\/8330","targetHints":{"allow":["GET"]}}],"collection":[{"href":"https:\/\/aestheticmexico.click\/en\/wp-json\/wp\/v2\/product"}],"about":[{"href":"https:\/\/aestheticmexico.click\/en\/wp-json\/wp\/v2\/types\/product"}],"replies":[{"embeddable":true,"href":"https:\/\/aestheticmexico.click\/en\/wp-json\/wp\/v2\/comments?post=8330"}],"wp:featuredmedia":[{"embeddable":true,"href":"https:\/\/aestheticmexico.click\/en\/wp-json\/wp\/v2\/media\/1343"}],"wp:attachment":[{"href":"https:\/\/aestheticmexico.click\/en\/wp-json\/wp\/v2\/media?parent=8330"}],"wp:term":[{"taxonomy":"product_brand","embeddable":true,"href":"https:\/\/aestheticmexico.click\/en\/wp-json\/wp\/v2\/product_brand?post=8330"},{"taxonomy":"product_cat","embeddable":true,"href":"https:\/\/aestheticmexico.click\/en\/wp-json\/wp\/v2\/product_cat?post=8330"},{"taxonomy":"product_tag","embeddable":true,"href":"https:\/\/aestheticmexico.click\/en\/wp-json\/wp\/v2\/product_tag?post=8330"}],"curies":[{"name":"wp","href":"https:\/\/api.w.org\/{rel}","templated":true}]}}