{"id":8320,"date":"2024-12-27T20:31:08","date_gmt":"2024-12-28T03:31:08","guid":{"rendered":"https:\/\/aestheticmexico.click\/?post_type=product&#038;p=8320"},"modified":"2025-06-28T17:18:58","modified_gmt":"2025-06-29T00:18:58","slug":"vestido-casual","status":"publish","type":"product","link":"https:\/\/aestheticmexico.click\/en\/shop\/todas-las-categorias\/juvenil-mujer\/vestidos-juvenil-mujer\/vestido-casual\/","title":{"rendered":"VESTIDO CASUAL"},"content":{"rendered":"<p><strong>&#8220;Frescura y estilo para cualquier ocasi\u00f3n&#8221;<\/strong><br \/>\nLuce incre\u00edble con este <strong>Vestido Casual<\/strong> que combina comodidad y elegancia en un dise\u00f1o vers\u00e1til. Perfecto para una salida con amigas, un d\u00eda relajado o incluso para el trabajo, es la prenda que siempre querr\u00e1s en tu guardarropa. \u00a1Resalta tu estilo \u00fanico y si\u00e9ntete espectacular! \ud83d\udc57\u2728<\/p>","protected":false},"excerpt":{"rendered":"<p>&#8220;Frescura y estilo para cualquier ocasi\u00f3n&#8221; Luce incre\u00edble con este Vestido Casual que combina comodidad y elegancia en un dise\u00f1o vers\u00e1til. Perfecto para una salida con amigas, un d\u00eda relajado o incluso para el trabajo, es la prenda que siempre querr\u00e1s en tu guardarropa. \u00a1Resalta tu estilo \u00fanico y si\u00e9ntete espectacular! \ud83d\udc57\u2728<\/p>","protected":false},"featured_media":1336,"comment_status":"open","ping_status":"closed","template":"","meta":{"_seopress_robots_primary_cat":"","_seopress_titles_title":"","_seopress_titles_desc":"","_seopress_robots_index":"","_seopress_analysis_target_kw":"","_gspb_post_css":"","content-type":""},"product_brand":[],"product_cat":[131,15,114,170,27],"product_tag":[],"class_list":{"0":"post-8320","1":"product","2":"type-product","3":"status-publish","4":"has-post-thumbnail","6":"product_cat-juvenil-mujer","7":"product_cat-mujer","8":"product_cat-todas-las-categorias","9":"product_cat-vestidos-juvenil-mujer","10":"product_cat-vestidos","12":"first","13":"instock","14":"taxable","15":"shipping-taxable","16":"purchasable","17":"product-type-variable"},"jetpack_sharing_enabled":true,"_links":{"self":[{"href":"https:\/\/aestheticmexico.click\/en\/wp-json\/wp\/v2\/product\/8320","targetHints":{"allow":["GET"]}}],"collection":[{"href":"https:\/\/aestheticmexico.click\/en\/wp-json\/wp\/v2\/product"}],"about":[{"href":"https:\/\/aestheticmexico.click\/en\/wp-json\/wp\/v2\/types\/product"}],"replies":[{"embeddable":true,"href":"https:\/\/aestheticmexico.click\/en\/wp-json\/wp\/v2\/comments?post=8320"}],"wp:featuredmedia":[{"embeddable":true,"href":"https:\/\/aestheticmexico.click\/en\/wp-json\/wp\/v2\/media\/1336"}],"wp:attachment":[{"href":"https:\/\/aestheticmexico.click\/en\/wp-json\/wp\/v2\/media?parent=8320"}],"wp:term":[{"taxonomy":"product_brand","embeddable":true,"href":"https:\/\/aestheticmexico.click\/en\/wp-json\/wp\/v2\/product_brand?post=8320"},{"taxonomy":"product_cat","embeddable":true,"href":"https:\/\/aestheticmexico.click\/en\/wp-json\/wp\/v2\/product_cat?post=8320"},{"taxonomy":"product_tag","embeddable":true,"href":"https:\/\/aestheticmexico.click\/en\/wp-json\/wp\/v2\/product_tag?post=8320"}],"curies":[{"name":"wp","href":"https:\/\/api.w.org\/{rel}","templated":true}]}}