{"id":8314,"date":"2024-12-27T20:18:51","date_gmt":"2024-12-28T03:18:51","guid":{"rendered":"https:\/\/aestheticmexico.click\/?post_type=product&#038;p=8314"},"modified":"2025-06-28T17:46:47","modified_gmt":"2025-06-29T00:46:47","slug":"sandalia-comoda","status":"publish","type":"product","link":"https:\/\/aestheticmexico.click\/en\/shop\/todas-las-categorias\/juvenil-mujer\/calzado-juvenil-mujer\/sandalia-comoda\/","title":{"rendered":"SANDALIA COMODA"},"content":{"rendered":"<p><strong>&#8220;Ligereza y estilo en cada paso&#8221;<\/strong><br \/>\nNuestras <strong>Sandalias C\u00f3modas<\/strong> est\u00e1n dise\u00f1adas para brindarte la m\u00e1xima frescura y confort. Perfectas para tus d\u00edas m\u00e1s relajados, combinan un dise\u00f1o moderno con materiales suaves que cuidan tus pies. \u00a1Ideales para lucir incre\u00edble sin renunciar a la comodidad que mereces! \ud83c\udf1e\ud83d\udc61\u2728<\/p>","protected":false},"excerpt":{"rendered":"<p>&#8220;Ligereza y estilo en cada paso&#8221; Nuestras Sandalias C\u00f3modas est\u00e1n dise\u00f1adas para brindarte la m\u00e1xima frescura y confort. Perfectas para tus d\u00edas m\u00e1s relajados, combinan un dise\u00f1o moderno con materiales suaves que cuidan tus pies. \u00a1Ideales para lucir incre\u00edble sin renunciar a la comodidad que mereces! \ud83c\udf1e\ud83d\udc61\u2728<\/p>","protected":false},"featured_media":1333,"comment_status":"open","ping_status":"closed","template":"","meta":{"_seopress_robots_primary_cat":"","_seopress_titles_title":"","_seopress_titles_desc":"","_seopress_robots_index":"","_seopress_analysis_target_kw":"","_gspb_post_css":"","content-type":""},"product_brand":[],"product_cat":[150,124,131,15,114],"product_tag":[],"class_list":{"0":"post-8314","1":"product","2":"type-product","3":"status-publish","4":"has-post-thumbnail","6":"product_cat-calzado-juvenil-mujer","7":"product_cat-calzado","8":"product_cat-juvenil-mujer","9":"product_cat-mujer","10":"product_cat-todas-las-categorias","12":"first","13":"instock","14":"taxable","15":"shipping-taxable","16":"purchasable","17":"product-type-variable"},"jetpack_sharing_enabled":true,"_links":{"self":[{"href":"https:\/\/aestheticmexico.click\/en\/wp-json\/wp\/v2\/product\/8314","targetHints":{"allow":["GET"]}}],"collection":[{"href":"https:\/\/aestheticmexico.click\/en\/wp-json\/wp\/v2\/product"}],"about":[{"href":"https:\/\/aestheticmexico.click\/en\/wp-json\/wp\/v2\/types\/product"}],"replies":[{"embeddable":true,"href":"https:\/\/aestheticmexico.click\/en\/wp-json\/wp\/v2\/comments?post=8314"}],"wp:featuredmedia":[{"embeddable":true,"href":"https:\/\/aestheticmexico.click\/en\/wp-json\/wp\/v2\/media\/1333"}],"wp:attachment":[{"href":"https:\/\/aestheticmexico.click\/en\/wp-json\/wp\/v2\/media?parent=8314"}],"wp:term":[{"taxonomy":"product_brand","embeddable":true,"href":"https:\/\/aestheticmexico.click\/en\/wp-json\/wp\/v2\/product_brand?post=8314"},{"taxonomy":"product_cat","embeddable":true,"href":"https:\/\/aestheticmexico.click\/en\/wp-json\/wp\/v2\/product_cat?post=8314"},{"taxonomy":"product_tag","embeddable":true,"href":"https:\/\/aestheticmexico.click\/en\/wp-json\/wp\/v2\/product_tag?post=8314"}],"curies":[{"name":"wp","href":"https:\/\/api.w.org\/{rel}","templated":true}]}}