{"id":8312,"date":"2024-12-27T20:09:52","date_gmt":"2024-12-28T03:09:52","guid":{"rendered":"https:\/\/aestheticmexico.click\/?post_type=product&#038;p=8312"},"modified":"2025-06-28T17:46:48","modified_gmt":"2025-06-29T00:46:48","slug":"zapato-casual","status":"publish","type":"product","link":"https:\/\/aestheticmexico.click\/en\/shop\/todas-las-categorias\/juvenil-mujer\/calzado-juvenil-mujer\/zapato-casual\/","title":{"rendered":"ZAPATO CASUAL"},"content":{"rendered":"<p><strong>&#8220;Estilo y comodidad para todos los d\u00edas&#8221;<\/strong><br \/>\nLos <strong>Zapatos Casual<\/strong> perfectos para acompa\u00f1arte en tu rutina diaria sin perder el toque de estilo. Su dise\u00f1o vers\u00e1til combina con cualquier outfit, mientras que su comodidad te permite usarlos durante todo el d\u00eda. \u00a1Hazlos tuyos y lleva tu look al siguiente nivel! \ud83d\udc5f\u2728<\/p>","protected":false},"excerpt":{"rendered":"<p>&#8220;Estilo y comodidad para todos los d\u00edas&#8221; Los Zapatos Casual perfectos para acompa\u00f1arte en tu rutina diaria sin perder el toque de estilo. Su dise\u00f1o vers\u00e1til combina con cualquier outfit, mientras que su comodidad te permite usarlos durante todo el d\u00eda. \u00a1Hazlos tuyos y lleva tu look al siguiente nivel! \ud83d\udc5f\u2728<\/p>","protected":false},"featured_media":1332,"comment_status":"open","ping_status":"closed","template":"","meta":{"_seopress_robots_primary_cat":"","_seopress_titles_title":"","_seopress_titles_desc":"","_seopress_robots_index":"","_seopress_analysis_target_kw":"","_gspb_post_css":"","content-type":""},"product_brand":[],"product_cat":[150,124,131,15,114],"product_tag":[],"class_list":{"0":"post-8312","1":"product","2":"type-product","3":"status-publish","4":"has-post-thumbnail","6":"product_cat-calzado-juvenil-mujer","7":"product_cat-calzado","8":"product_cat-juvenil-mujer","9":"product_cat-mujer","10":"product_cat-todas-las-categorias","12":"first","13":"instock","14":"taxable","15":"shipping-taxable","16":"purchasable","17":"product-type-variable"},"jetpack_sharing_enabled":true,"_links":{"self":[{"href":"https:\/\/aestheticmexico.click\/en\/wp-json\/wp\/v2\/product\/8312","targetHints":{"allow":["GET"]}}],"collection":[{"href":"https:\/\/aestheticmexico.click\/en\/wp-json\/wp\/v2\/product"}],"about":[{"href":"https:\/\/aestheticmexico.click\/en\/wp-json\/wp\/v2\/types\/product"}],"replies":[{"embeddable":true,"href":"https:\/\/aestheticmexico.click\/en\/wp-json\/wp\/v2\/comments?post=8312"}],"wp:featuredmedia":[{"embeddable":true,"href":"https:\/\/aestheticmexico.click\/en\/wp-json\/wp\/v2\/media\/1332"}],"wp:attachment":[{"href":"https:\/\/aestheticmexico.click\/en\/wp-json\/wp\/v2\/media?parent=8312"}],"wp:term":[{"taxonomy":"product_brand","embeddable":true,"href":"https:\/\/aestheticmexico.click\/en\/wp-json\/wp\/v2\/product_brand?post=8312"},{"taxonomy":"product_cat","embeddable":true,"href":"https:\/\/aestheticmexico.click\/en\/wp-json\/wp\/v2\/product_cat?post=8312"},{"taxonomy":"product_tag","embeddable":true,"href":"https:\/\/aestheticmexico.click\/en\/wp-json\/wp\/v2\/product_tag?post=8312"}],"curies":[{"name":"wp","href":"https:\/\/api.w.org\/{rel}","templated":true}]}}