{"id":10373,"date":"2025-06-30T16:04:51","date_gmt":"2025-06-30T23:04:51","guid":{"rendered":"https:\/\/aestheticmexico.click\/?post_type=product&#038;p=10373"},"modified":"2025-09-04T15:35:27","modified_gmt":"2025-09-04T22:35:27","slug":"tenis-edicion-lilo-y-stitch","status":"publish","type":"product","link":"https:\/\/aestheticmexico.click\/en\/shop\/todas-las-categorias\/nina\/accesorios-nina\/tenis-edicion-lilo-y-stitch\/","title":{"rendered":"TENIS EDICION LILO Y STITCH"},"content":{"rendered":"<p data-start=\"146\" data-end=\"232\"><strong data-start=\"146\" data-end=\"232\">Tenis Edici\u00f3n Especial Lilo &amp; Stitch \u2013 \u00a1Diversi\u00f3n, Color y Comodidad en Cada Paso!<\/strong><\/p>\n<p data-start=\"234\" data-end=\"476\">\u00a1Luce un estilo \u00fanico con estos incre\u00edbles tenis inspirados en uno de los personajes m\u00e1s queridos de Disney! La <strong data-start=\"346\" data-end=\"380\">edici\u00f3n especial Lilo &amp; Stitch<\/strong> combina dise\u00f1o colorido, comodidad total y un toque de aventura para quienes no temen destacar.<\/p>","protected":false},"excerpt":{"rendered":"<p>Tenis Edici\u00f3n Especial Lilo &amp; Stitch \u2013 \u00a1Diversi\u00f3n, Color y Comodidad en Cada Paso! \u00a1Luce un estilo \u00fanico con estos incre\u00edbles tenis inspirados en uno de los personajes m\u00e1s queridos de Disney! La edici\u00f3n especial Lilo &amp; Stitch combina dise\u00f1o colorido, comodidad total y un toque de aventura para quienes no temen destacar.<\/p>","protected":false},"featured_media":10375,"comment_status":"open","ping_status":"closed","template":"","meta":{"_seopress_robots_primary_cat":"none","_seopress_titles_title":"","_seopress_titles_desc":"","_seopress_robots_index":"","_gspb_post_css":"","content-type":""},"product_brand":[],"product_cat":[143,128,114],"product_tag":[220,221,222,219],"class_list":{"0":"post-10373","1":"product","2":"type-product","3":"status-publish","4":"has-post-thumbnail","6":"product_cat-accesorios-nina","7":"product_cat-nina","8":"product_cat-todas-las-categorias","9":"product_tag-casuales","10":"product_tag-edicion-especial","11":"product_tag-personajes","12":"product_tag-tenis","14":"first","15":"instock","16":"taxable","17":"shipping-taxable","18":"purchasable","19":"product-type-variable"},"jetpack_sharing_enabled":true,"_links":{"self":[{"href":"https:\/\/aestheticmexico.click\/en\/wp-json\/wp\/v2\/product\/10373","targetHints":{"allow":["GET"]}}],"collection":[{"href":"https:\/\/aestheticmexico.click\/en\/wp-json\/wp\/v2\/product"}],"about":[{"href":"https:\/\/aestheticmexico.click\/en\/wp-json\/wp\/v2\/types\/product"}],"replies":[{"embeddable":true,"href":"https:\/\/aestheticmexico.click\/en\/wp-json\/wp\/v2\/comments?post=10373"}],"wp:featuredmedia":[{"embeddable":true,"href":"https:\/\/aestheticmexico.click\/en\/wp-json\/wp\/v2\/media\/10375"}],"wp:attachment":[{"href":"https:\/\/aestheticmexico.click\/en\/wp-json\/wp\/v2\/media?parent=10373"}],"wp:term":[{"taxonomy":"product_brand","embeddable":true,"href":"https:\/\/aestheticmexico.click\/en\/wp-json\/wp\/v2\/product_brand?post=10373"},{"taxonomy":"product_cat","embeddable":true,"href":"https:\/\/aestheticmexico.click\/en\/wp-json\/wp\/v2\/product_cat?post=10373"},{"taxonomy":"product_tag","embeddable":true,"href":"https:\/\/aestheticmexico.click\/en\/wp-json\/wp\/v2\/product_tag?post=10373"}],"curies":[{"name":"wp","href":"https:\/\/api.w.org\/{rel}","templated":true}]}}