{"id":10363,"date":"2025-06-30T14:56:34","date_gmt":"2025-06-30T21:56:34","guid":{"rendered":"https:\/\/aestheticmexico.click\/?post_type=product&#038;p=10363"},"modified":"2025-06-30T15:01:24","modified_gmt":"2025-06-30T22:01:24","slug":"mochila-charly-2","status":"publish","type":"product","link":"https:\/\/aestheticmexico.click\/en\/shop\/todas-las-categorias\/nina\/accesorios-nina\/mochila-charly-2\/","title":{"rendered":"MOCHILA CHARLY"},"content":{"rendered":"<p data-start=\"132\" data-end=\"183\"><strong data-start=\"132\" data-end=\"183\">Mochila Charly \u2013 Tu Compa\u00f1era de Batalla Diaria<\/strong><\/p>\n<p data-start=\"185\" data-end=\"482\">\u00a1Prep\u00e1rate para cualquier reto con estilo y funcionalidad! La <strong data-start=\"247\" data-end=\"265\">mochila Charly<\/strong> est\u00e1 dise\u00f1ada para ofrecerte comodidad, espacio y resistencia en cada paso de tu d\u00eda. Perfecta para la escuela, la oficina o el entrenamiento, cuenta con un dise\u00f1o moderno y vers\u00e1til que se adapta a tu ritmo de vida.<\/p>","protected":false},"excerpt":{"rendered":"<p>Mochila Charly \u2013 Tu Compa\u00f1era de Batalla Diaria \u00a1Prep\u00e1rate para cualquier reto con estilo y funcionalidad! La mochila Charly est\u00e1 dise\u00f1ada para ofrecerte comodidad, espacio y resistencia en cada paso de tu d\u00eda. Perfecta para la escuela, la oficina o el entrenamiento, cuenta con un dise\u00f1o moderno y vers\u00e1til que se adapta a tu ritmo [&hellip;]<\/p>\n","protected":false},"featured_media":10366,"comment_status":"open","ping_status":"closed","template":"","meta":{"_seopress_robots_primary_cat":"","_seopress_titles_title":"","_seopress_titles_desc":"","_seopress_robots_index":"","_gspb_post_css":"","content-type":""},"product_brand":[201],"product_cat":[143,125,144,140,141,142,130,132,131,15,128,129,114],"product_tag":[],"class_list":{"0":"post-10363","1":"product","2":"type-product","3":"status-publish","4":"has-post-thumbnail","6":"product_brand-charly","7":"product_cat-accesorios-nina","8":"product_cat-accesorios","9":"product_cat-accesorios-nino","10":"product_cat-accesorios-juvenil-mujer","11":"product_cat-accesorios-hombre","12":"product_cat-accesorios-juvenil-hombre","13":"product_cat-hombre","14":"product_cat-juvenil-hombre","15":"product_cat-juvenil-mujer","16":"product_cat-mujer","17":"product_cat-nina","18":"product_cat-nino","19":"product_cat-todas-las-categorias","21":"first","22":"instock","23":"taxable","24":"shipping-taxable","25":"purchasable","26":"product-type-variable"},"jetpack_sharing_enabled":true,"_links":{"self":[{"href":"https:\/\/aestheticmexico.click\/en\/wp-json\/wp\/v2\/product\/10363","targetHints":{"allow":["GET"]}}],"collection":[{"href":"https:\/\/aestheticmexico.click\/en\/wp-json\/wp\/v2\/product"}],"about":[{"href":"https:\/\/aestheticmexico.click\/en\/wp-json\/wp\/v2\/types\/product"}],"replies":[{"embeddable":true,"href":"https:\/\/aestheticmexico.click\/en\/wp-json\/wp\/v2\/comments?post=10363"}],"wp:featuredmedia":[{"embeddable":true,"href":"https:\/\/aestheticmexico.click\/en\/wp-json\/wp\/v2\/media\/10366"}],"wp:attachment":[{"href":"https:\/\/aestheticmexico.click\/en\/wp-json\/wp\/v2\/media?parent=10363"}],"wp:term":[{"taxonomy":"product_brand","embeddable":true,"href":"https:\/\/aestheticmexico.click\/en\/wp-json\/wp\/v2\/product_brand?post=10363"},{"taxonomy":"product_cat","embeddable":true,"href":"https:\/\/aestheticmexico.click\/en\/wp-json\/wp\/v2\/product_cat?post=10363"},{"taxonomy":"product_tag","embeddable":true,"href":"https:\/\/aestheticmexico.click\/en\/wp-json\/wp\/v2\/product_tag?post=10363"}],"curies":[{"name":"wp","href":"https:\/\/api.w.org\/{rel}","templated":true}]}}