{"id":10279,"date":"2025-06-28T14:13:09","date_gmt":"2025-06-28T21:13:09","guid":{"rendered":"https:\/\/aestheticmexico.click\/?post_type=product&#038;p=10279"},"modified":"2025-07-01T00:03:55","modified_gmt":"2025-07-01T07:03:55","slug":"playera-estampada-cuello-redondo-202","status":"publish","type":"product","link":"https:\/\/aestheticmexico.click\/en\/shop\/todas-las-categorias\/mujer\/playeras\/playera-estampada-cuello-redondo-202\/","title":{"rendered":"PLAYERA ESTAMPADA CUELLO REDONDO"},"content":{"rendered":"<p>Eleva tu estilo con nuestras playeras estampadas, dise\u00f1adas para destacar. Confeccionadas en algod\u00f3n suave y transpirable, son perfectas para cualquier ocasi\u00f3n. El estampado de alta calidad resiste lavadas sin perder intensidad. \u00a1Haz que tu outfit hable por ti!<\/p>","protected":false},"excerpt":{"rendered":"<p>Eleva tu estilo con nuestras playeras estampadas, dise\u00f1adas para destacar. Confeccionadas en algod\u00f3n suave y transpirable, son perfectas para cualquier ocasi\u00f3n. El estampado de alta calidad resiste lavadas sin perder intensidad. \u00a1Haz que tu outfit hable por ti!<\/p>","protected":false},"featured_media":10281,"comment_status":"open","ping_status":"closed","template":"","meta":{"_seopress_robots_primary_cat":"","_seopress_titles_title":"","_seopress_titles_desc":"","_seopress_robots_index":"","_gspb_post_css":"","content-type":""},"product_brand":[107],"product_cat":[131,15,34,136,114],"product_tag":[],"class_list":{"0":"post-10279","1":"product","2":"type-product","3":"status-publish","4":"has-post-thumbnail","6":"product_brand-aesthetic","7":"product_cat-juvenil-mujer","8":"product_cat-mujer","9":"product_cat-playeras","10":"product_cat-playeras-juvenil-mujer","11":"product_cat-todas-las-categorias","13":"first","14":"instock","15":"taxable","16":"shipping-taxable","17":"purchasable","18":"product-type-variable"},"jetpack_sharing_enabled":true,"_links":{"self":[{"href":"https:\/\/aestheticmexico.click\/en\/wp-json\/wp\/v2\/product\/10279","targetHints":{"allow":["GET"]}}],"collection":[{"href":"https:\/\/aestheticmexico.click\/en\/wp-json\/wp\/v2\/product"}],"about":[{"href":"https:\/\/aestheticmexico.click\/en\/wp-json\/wp\/v2\/types\/product"}],"replies":[{"embeddable":true,"href":"https:\/\/aestheticmexico.click\/en\/wp-json\/wp\/v2\/comments?post=10279"}],"wp:featuredmedia":[{"embeddable":true,"href":"https:\/\/aestheticmexico.click\/en\/wp-json\/wp\/v2\/media\/10281"}],"wp:attachment":[{"href":"https:\/\/aestheticmexico.click\/en\/wp-json\/wp\/v2\/media?parent=10279"}],"wp:term":[{"taxonomy":"product_brand","embeddable":true,"href":"https:\/\/aestheticmexico.click\/en\/wp-json\/wp\/v2\/product_brand?post=10279"},{"taxonomy":"product_cat","embeddable":true,"href":"https:\/\/aestheticmexico.click\/en\/wp-json\/wp\/v2\/product_cat?post=10279"},{"taxonomy":"product_tag","embeddable":true,"href":"https:\/\/aestheticmexico.click\/en\/wp-json\/wp\/v2\/product_tag?post=10279"}],"curies":[{"name":"wp","href":"https:\/\/api.w.org\/{rel}","templated":true}]}}